{"id":102325,"date":"2022-06-21T17:09:49","date_gmt":"2022-06-21T15:09:49","guid":{"rendered":"https:\/\/master.it\/realizzazioni\/"},"modified":"2023-01-09T16:56:09","modified_gmt":"2023-01-09T15:56:09","slug":"realisations","status":"publish","type":"page","link":"https:\/\/www.master.it\/fr\/realisations\/","title":{"rendered":"R\u00e9alisations"},"content":{"rendered":"\t\t<div data-elementor-type=\"wp-page\" data-elementor-id=\"102325\" class=\"elementor elementor-102325 elementor-79317\" data-elementor-post-type=\"page\">\n\t\t\t\t\t\t<section class=\"elementor-section elementor-top-section elementor-element elementor-element-2bf35c4 elementor-section-boxed elementor-section-height-default elementor-section-height-default\" data-id=\"2bf35c4\" data-element_type=\"section\" data-e-type=\"section\">\n\t\t\t\t\t\t<div class=\"elementor-container elementor-column-gap-default\">\n\t\t\t\t\t<div class=\"elementor-column elementor-col-100 elementor-top-column elementor-element elementor-element-90cc910\" data-id=\"90cc910\" data-element_type=\"column\" data-e-type=\"column\">\n\t\t\t<div class=\"elementor-widget-wrap elementor-element-populated\">\n\t\t\t\t\t\t<div class=\"elementor-element elementor-element-c64611e elementor-widget elementor-widget-text-editor\" data-id=\"c64611e\" data-element_type=\"widget\" data-e-type=\"widget\" data-widget_type=\"text-editor.default\">\n\t\t\t\t<div class=\"elementor-widget-container\">\n\t\t\t\t\t\t\t\t\t<p><b>Des petits d\u00e9tails qui mettent en valeur chaque environnement<\/b><\/p>\t\t\t\t\t\t\t\t<\/div>\n\t\t\t\t<\/div>\n\t\t\t\t<div class=\"elementor-element elementor-element-792cb85 elementor-widget-divider--view-line elementor-widget elementor-widget-divider\" data-id=\"792cb85\" data-element_type=\"widget\" data-e-type=\"widget\" data-widget_type=\"divider.default\">\n\t\t\t\t<div class=\"elementor-widget-container\">\n\t\t\t\t\t\t\t<div class=\"elementor-divider\">\n\t\t\t<span class=\"elementor-divider-separator\">\n\t\t\t\t\t\t<\/span>\n\t\t<\/div>\n\t\t\t\t\t\t<\/div>\n\t\t\t\t<\/div>\n\t\t\t\t<div class=\"elementor-element elementor-element-d225e87 elementor-widget elementor-widget-text-editor\" data-id=\"d225e87\" data-element_type=\"widget\" data-e-type=\"widget\" data-widget_type=\"text-editor.default\">\n\t\t\t\t<div class=\"elementor-widget-container\">\n\t\t\t\t\t\t\t\t\t<p>Qu&rsquo;il s&rsquo;agisse de maisons, d&rsquo;h\u00f4tels, de bureaux ou de b\u00e2timents industriels, Master r\u00e9pond aux demandes de conception par des solutions ax\u00e9es sur le client, sp\u00e9cifiques \u00e0 chaque environnement et \u00e0 ses habitants.<\/p><p>Parmi les nombreuses installations r\u00e9alis\u00e9es au cours de ses 40 ans d&rsquo;existence, certaines se distinguent par leur prestige, leur taille, leurs exigences et les solutions mises en \u0153uvre, et sont pr\u00e9sent\u00e9es ici pour fasciner et inspirer ceux qui continuent \u00e0 choisir chaque jour les produits, styles, mat\u00e9riaux et solutions Master.<\/p>\t\t\t\t\t\t\t\t<\/div>\n\t\t\t\t<\/div>\n\t\t\t\t\t<\/div>\n\t\t<\/div>\n\t\t\t\t\t<\/div>\n\t\t<\/section>\n\t\t\t\t<section class=\"elementor-section elementor-top-section elementor-element elementor-element-84c0347 elementor-section-stretched elementor-section-boxed elementor-section-height-default elementor-section-height-default\" data-id=\"84c0347\" data-element_type=\"section\" data-e-type=\"section\" data-settings=\"{&quot;stretch_section&quot;:&quot;section-stretched&quot;,&quot;background_background&quot;:&quot;classic&quot;}\">\n\t\t\t\t\t\t<div class=\"elementor-container elementor-column-gap-default\">\n\t\t\t\t\t<div class=\"elementor-column elementor-col-100 elementor-top-column elementor-element elementor-element-8173e6b\" data-id=\"8173e6b\" data-element_type=\"column\" data-e-type=\"column\">\n\t\t\t<div class=\"elementor-widget-wrap elementor-element-populated\">\n\t\t\t\t\t\t<div class=\"elementor-element elementor-element-c2a0698 elementor-grid-4 elementor-grid-tablet-2 elementor-grid-mobile-1 elementor-widget elementor-widget-portfolio\" data-id=\"c2a0698\" data-element_type=\"widget\" data-e-type=\"widget\" data-settings=\"{&quot;columns&quot;:&quot;4&quot;,&quot;item_ratio&quot;:{&quot;unit&quot;:&quot;px&quot;,&quot;size&quot;:1.5,&quot;sizes&quot;:[]},&quot;row_gap&quot;:{&quot;unit&quot;:&quot;px&quot;,&quot;size&quot;:10,&quot;sizes&quot;:[]},&quot;columns_tablet&quot;:&quot;2&quot;,&quot;columns_mobile&quot;:&quot;1&quot;,&quot;item_gap&quot;:{&quot;unit&quot;:&quot;px&quot;,&quot;size&quot;:&quot;&quot;,&quot;sizes&quot;:[]}}\" data-widget_type=\"portfolio.default\">\n\t\t\t\t<div class=\"elementor-widget-container\">\n\t\t\t\t\t\t\t<div class=\"elementor-portfolio elementor-grid elementor-posts-container\" role=\"list\">\n\t\t\t\t<article class=\"elementor-portfolio-item elementor-post  post-102387 elemenfolio type-elemenfolio status-publish has-post-thumbnail hentry elemenfoliocategory-realizzazioni\" role=\"listitem\">\n\t\t\t<a class=\"elementor-post__thumbnail__link\" href=\"https:\/\/www.master.it\/fr\/portfolio\/domus-21-luxury-suites-rome\/\">\n\t\t\t\t<div class=\"elementor-portfolio-item__img elementor-post__thumbnail\">\n\t\t\t<img fetchpriority=\"high\" decoding=\"async\" width=\"1200\" height=\"800\" src=\"https:\/\/www.master.it\/wp-content\/uploads\/2022\/06\/DOMUS21.jpg\" class=\"attachment-full size-full wp-image-79137\" alt=\"\" srcset=\"https:\/\/www.master.it\/wp-content\/uploads\/2022\/06\/DOMUS21.jpg 1200w, https:\/\/www.master.it\/wp-content\/uploads\/2022\/06\/DOMUS21-600x400.jpg 600w, https:\/\/www.master.it\/wp-content\/uploads\/2022\/06\/DOMUS21-300x200.jpg 300w, https:\/\/www.master.it\/wp-content\/uploads\/2022\/06\/DOMUS21-1024x683.jpg 1024w, https:\/\/www.master.it\/wp-content\/uploads\/2022\/06\/DOMUS21-768x512.jpg 768w\" sizes=\"(max-width: 1200px) 100vw, 1200px\" \/>\t\t<\/div>\n\t\t\t\t<div class=\"elementor-portfolio-item__overlay\">\n\t\t\t\t<h3 class=\"elementor-portfolio-item__title\">\n\t\tDOMUS 21 LUXURY SUITES &#8211; ROME\t\t<\/h3>\n\t\t\t\t<\/div>\n\t\t\t\t<\/a>\n\t\t<\/article>\n\t\t\t\t<article class=\"elementor-portfolio-item elementor-post  post-102438 elemenfolio type-elemenfolio status-publish has-post-thumbnail hentry elemenfoliocategory-realizzazioni\" role=\"listitem\">\n\t\t\t<a class=\"elementor-post__thumbnail__link\" href=\"https:\/\/www.master.it\/fr\/portfolio\/maxxim-hotel-loft-ferrare\/\">\n\t\t\t\t<div class=\"elementor-portfolio-item__img elementor-post__thumbnail\">\n\t\t\t<img decoding=\"async\" width=\"546\" height=\"692\" src=\"https:\/\/www.master.it\/wp-content\/uploads\/2022\/06\/Realizzazioni-Maxxim-Ferrara.jpg\" class=\"attachment-full size-full wp-image-79113\" alt=\"\" srcset=\"https:\/\/www.master.it\/wp-content\/uploads\/2022\/06\/Realizzazioni-Maxxim-Ferrara.jpg 546w, https:\/\/www.master.it\/wp-content\/uploads\/2022\/06\/Realizzazioni-Maxxim-Ferrara-237x300.jpg 237w\" sizes=\"(max-width: 546px) 100vw, 546px\" \/>\t\t<\/div>\n\t\t\t\t<div class=\"elementor-portfolio-item__overlay\">\n\t\t\t\t<h3 class=\"elementor-portfolio-item__title\">\n\t\tMAXXIM HOTEL &#038; LOFT  &#8211;  FERRARE\t\t<\/h3>\n\t\t\t\t<\/div>\n\t\t\t\t<\/a>\n\t\t<\/article>\n\t\t\t\t<article class=\"elementor-portfolio-item elementor-post  post-103990 elemenfolio type-elemenfolio status-publish has-post-thumbnail hentry elemenfoliocategory-realizzazioni\" role=\"listitem\">\n\t\t\t<a class=\"elementor-post__thumbnail__link\" href=\"https:\/\/www.master.it\/fr\/portfolio\/villa-privee-collines-euganeennes-italie\/\">\n\t\t\t\t<div class=\"elementor-portfolio-item__img elementor-post__thumbnail\">\n\t\t\t<img decoding=\"async\" width=\"1920\" height=\"1080\" src=\"https:\/\/www.master.it\/wp-content\/uploads\/2013\/04\/02.jpg\" class=\"attachment-full size-full wp-image-103994\" alt=\"\" srcset=\"https:\/\/www.master.it\/wp-content\/uploads\/2013\/04\/02.jpg 1920w, https:\/\/www.master.it\/wp-content\/uploads\/2013\/04\/02-600x338.jpg 600w, https:\/\/www.master.it\/wp-content\/uploads\/2013\/04\/02-300x169.jpg 300w, https:\/\/www.master.it\/wp-content\/uploads\/2013\/04\/02-1024x576.jpg 1024w, https:\/\/www.master.it\/wp-content\/uploads\/2013\/04\/02-768x432.jpg 768w, https:\/\/www.master.it\/wp-content\/uploads\/2013\/04\/02-1536x864.jpg 1536w\" sizes=\"(max-width: 1920px) 100vw, 1920px\" \/>\t\t<\/div>\n\t\t\t\t<div class=\"elementor-portfolio-item__overlay\">\n\t\t\t\t<h3 class=\"elementor-portfolio-item__title\">\n\t\tVilla priv\u00e9e, Collines Eugan\u00e9ennes, Italie\t\t<\/h3>\n\t\t\t\t<\/div>\n\t\t\t\t<\/a>\n\t\t<\/article>\n\t\t\t\t<article class=\"elementor-portfolio-item elementor-post  post-103887 elemenfolio type-elemenfolio status-publish has-post-thumbnail hentry elemenfoliocategory-realizzazioni\" role=\"listitem\">\n\t\t\t<a class=\"elementor-post__thumbnail__link\" href=\"https:\/\/www.master.it\/fr\/portfolio\/residence-magnolia-padoue\/\">\n\t\t\t\t<div class=\"elementor-portfolio-item__img elementor-post__thumbnail\">\n\t\t\t<img loading=\"lazy\" decoding=\"async\" width=\"960\" height=\"850\" src=\"https:\/\/www.master.it\/wp-content\/uploads\/2022\/07\/MAGNOLIA-2_alta-e1659016181413.jpg\" class=\"attachment-full size-full wp-image-103890\" alt=\"\" srcset=\"https:\/\/www.master.it\/wp-content\/uploads\/2022\/07\/MAGNOLIA-2_alta-e1659016181413.jpg 960w, https:\/\/www.master.it\/wp-content\/uploads\/2022\/07\/MAGNOLIA-2_alta-e1659016181413-600x531.jpg 600w, https:\/\/www.master.it\/wp-content\/uploads\/2022\/07\/MAGNOLIA-2_alta-e1659016181413-300x266.jpg 300w, https:\/\/www.master.it\/wp-content\/uploads\/2022\/07\/MAGNOLIA-2_alta-e1659016181413-768x680.jpg 768w\" sizes=\"(max-width: 960px) 100vw, 960px\" \/>\t\t<\/div>\n\t\t\t\t<div class=\"elementor-portfolio-item__overlay\">\n\t\t\t\t<h3 class=\"elementor-portfolio-item__title\">\n\t\tR\u00c9SIDENCE MAGNOLIA &#8211; PADOUE\t\t<\/h3>\n\t\t\t\t<\/div>\n\t\t\t\t<\/a>\n\t\t<\/article>\n\t\t\t\t<article class=\"elementor-portfolio-item elementor-post  post-102451 elemenfolio type-elemenfolio status-publish has-post-thumbnail hentry elemenfoliocategory-realizzazioni\" role=\"listitem\">\n\t\t\t<a class=\"elementor-post__thumbnail__link\" href=\"https:\/\/www.master.it\/fr\/portfolio\/residence-neruda-padoue\/\">\n\t\t\t\t<div class=\"elementor-portfolio-item__img elementor-post__thumbnail\">\n\t\t\t<img loading=\"lazy\" decoding=\"async\" width=\"546\" height=\"692\" src=\"https:\/\/www.master.it\/wp-content\/uploads\/2022\/06\/Realizzazioni-Neruda.jpeg\" class=\"attachment-full size-full wp-image-79126\" alt=\"\" srcset=\"https:\/\/www.master.it\/wp-content\/uploads\/2022\/06\/Realizzazioni-Neruda.jpeg 546w, https:\/\/www.master.it\/wp-content\/uploads\/2022\/06\/Realizzazioni-Neruda-237x300.jpeg 237w\" sizes=\"(max-width: 546px) 100vw, 546px\" \/>\t\t<\/div>\n\t\t\t\t<div class=\"elementor-portfolio-item__overlay\">\n\t\t\t\t<h3 class=\"elementor-portfolio-item__title\">\n\t\tR\u00c9SIDENCE NERUDA &#8211; PADOUE\t\t<\/h3>\n\t\t\t\t<\/div>\n\t\t\t\t<\/a>\n\t\t<\/article>\n\t\t\t\t<article class=\"elementor-portfolio-item elementor-post  post-102417 elemenfolio type-elemenfolio status-publish has-post-thumbnail hentry elemenfoliocategory-realizzazioni\" role=\"listitem\">\n\t\t\t<a class=\"elementor-post__thumbnail__link\" href=\"https:\/\/www.master.it\/fr\/portfolio\/khalifa-al-tajer-mosque-dubai-u-a-e\/\">\n\t\t\t\t<div class=\"elementor-portfolio-item__img elementor-post__thumbnail\">\n\t\t\t<img loading=\"lazy\" decoding=\"async\" width=\"546\" height=\"692\" src=\"https:\/\/www.master.it\/wp-content\/uploads\/2022\/06\/Realizzazioni-Khalifa-al-Tajer-mosque.jpeg\" class=\"attachment-full size-full wp-image-79121\" alt=\"\" srcset=\"https:\/\/www.master.it\/wp-content\/uploads\/2022\/06\/Realizzazioni-Khalifa-al-Tajer-mosque.jpeg 546w, https:\/\/www.master.it\/wp-content\/uploads\/2022\/06\/Realizzazioni-Khalifa-al-Tajer-mosque-237x300.jpeg 237w\" sizes=\"(max-width: 546px) 100vw, 546px\" \/>\t\t<\/div>\n\t\t\t\t<div class=\"elementor-portfolio-item__overlay\">\n\t\t\t\t<h3 class=\"elementor-portfolio-item__title\">\n\t\tKHALIFA AL TAJER MOSQUE  &#8211; DUBAI (U.A.E.)\t\t<\/h3>\n\t\t\t\t<\/div>\n\t\t\t\t<\/a>\n\t\t<\/article>\n\t\t\t\t<\/div>\n\t\t\t\t\t\t<\/div>\n\t\t\t\t<\/div>\n\t\t\t\t\t<\/div>\n\t\t<\/div>\n\t\t\t\t\t<\/div>\n\t\t<\/section>\n\t\t\t\t<\/div>\n\t\t","protected":false},"excerpt":{"rendered":"<p>Des petits d\u00e9tails qui mettent en valeur chaque environnement Qu&rsquo;il s&rsquo;agisse de maisons, d&rsquo;h\u00f4tels, de bureaux ou de b\u00e2timents industriels, Master r\u00e9pond aux demandes de conception par des solutions ax\u00e9es sur le client, sp\u00e9cifiques \u00e0 chaque environnement et \u00e0 ses habitants. Parmi les nombreuses installations r\u00e9alis\u00e9es au cours de ses 40 ans d&rsquo;existence, certaines se&hellip;<\/p>\n","protected":false},"author":1,"featured_media":0,"parent":0,"menu_order":0,"comment_status":"closed","ping_status":"closed","template":"","meta":{"_acf_changed":false,"footnotes":""},"class_list":["post-102325","page","type-page","status-publish","hentry"],"acf":[],"yoast_head":"<!-- This site is optimized with the Yoast SEO plugin v27.3 - https:\/\/yoast.com\/product\/yoast-seo-wordpress\/ -->\n<title>R\u00e9alisations - Master<\/title>\n<meta name=\"robots\" content=\"index, follow, max-snippet:-1, max-image-preview:large, max-video-preview:-1\" \/>\n<link rel=\"canonical\" href=\"https:\/\/www.master.it\/fr\/realisations\/\" \/>\n<meta property=\"og:locale\" content=\"fr_FR\" \/>\n<meta property=\"og:type\" content=\"article\" \/>\n<meta property=\"og:title\" content=\"R\u00e9alisations - Master\" \/>\n<meta property=\"og:description\" content=\"Des petits d\u00e9tails qui mettent en valeur chaque environnement Qu&rsquo;il s&rsquo;agisse de maisons, d&rsquo;h\u00f4tels, de bureaux ou de b\u00e2timents industriels, Master r\u00e9pond aux demandes de conception par des solutions ax\u00e9es sur le client, sp\u00e9cifiques \u00e0 chaque environnement et \u00e0 ses habitants. Parmi les nombreuses installations r\u00e9alis\u00e9es au cours de ses 40 ans d&rsquo;existence, certaines se&hellip;\" \/>\n<meta property=\"og:url\" content=\"https:\/\/www.master.it\/fr\/realisations\/\" \/>\n<meta property=\"og:site_name\" content=\"Master\" \/>\n<meta property=\"article:modified_time\" content=\"2023-01-09T15:56:09+00:00\" \/>\n<meta property=\"og:image\" content=\"https:\/\/www.master.it\/wp-content\/uploads\/2022\/04\/Logo_master.png\" \/>\n\t<meta property=\"og:image:width\" content=\"552\" \/>\n\t<meta property=\"og:image:height\" content=\"85\" \/>\n\t<meta property=\"og:image:type\" content=\"image\/png\" \/>\n<meta name=\"twitter:card\" content=\"summary_large_image\" \/>\n<meta name=\"twitter:label1\" content=\"Dur\u00e9e de lecture estim\u00e9e\" \/>\n\t<meta name=\"twitter:data1\" content=\"1 minute\" \/>\n<script type=\"application\/ld+json\" class=\"yoast-schema-graph\">{\"@context\":\"https:\\\/\\\/schema.org\",\"@graph\":[{\"@type\":\"WebPage\",\"@id\":\"https:\\\/\\\/www.master.it\\\/fr\\\/realisations\\\/\",\"url\":\"https:\\\/\\\/www.master.it\\\/fr\\\/realisations\\\/\",\"name\":\"R\u00e9alisations - Master\",\"isPartOf\":{\"@id\":\"https:\\\/\\\/www.master.it\\\/fr\\\/#website\"},\"datePublished\":\"2022-06-21T15:09:49+00:00\",\"dateModified\":\"2023-01-09T15:56:09+00:00\",\"breadcrumb\":{\"@id\":\"https:\\\/\\\/www.master.it\\\/fr\\\/realisations\\\/#breadcrumb\"},\"inLanguage\":\"fr-FR\",\"potentialAction\":[{\"@type\":\"ReadAction\",\"target\":[\"https:\\\/\\\/www.master.it\\\/fr\\\/realisations\\\/\"]}]},{\"@type\":\"BreadcrumbList\",\"@id\":\"https:\\\/\\\/www.master.it\\\/fr\\\/realisations\\\/#breadcrumb\",\"itemListElement\":[{\"@type\":\"ListItem\",\"position\":1,\"name\":\"Home\",\"item\":\"https:\\\/\\\/www.master.it\\\/fr\\\/\"},{\"@type\":\"ListItem\",\"position\":2,\"name\":\"R\u00e9alisations\"}]},{\"@type\":\"WebSite\",\"@id\":\"https:\\\/\\\/www.master.it\\\/fr\\\/#website\",\"url\":\"https:\\\/\\\/www.master.it\\\/fr\\\/\",\"name\":\"Master\",\"description\":\"\",\"publisher\":{\"@id\":\"https:\\\/\\\/www.master.it\\\/fr\\\/#organization\"},\"potentialAction\":[{\"@type\":\"SearchAction\",\"target\":{\"@type\":\"EntryPoint\",\"urlTemplate\":\"https:\\\/\\\/www.master.it\\\/fr\\\/?s={search_term_string}\"},\"query-input\":{\"@type\":\"PropertyValueSpecification\",\"valueRequired\":true,\"valueName\":\"search_term_string\"}}],\"inLanguage\":\"fr-FR\"},{\"@type\":\"Organization\",\"@id\":\"https:\\\/\\\/www.master.it\\\/fr\\\/#organization\",\"name\":\"Master\",\"url\":\"https:\\\/\\\/www.master.it\\\/fr\\\/\",\"logo\":{\"@type\":\"ImageObject\",\"inLanguage\":\"fr-FR\",\"@id\":\"https:\\\/\\\/www.master.it\\\/fr\\\/#\\\/schema\\\/logo\\\/image\\\/\",\"url\":\"https:\\\/\\\/www.master.it\\\/wp-content\\\/uploads\\\/2022\\\/04\\\/Logo_master.png\",\"contentUrl\":\"https:\\\/\\\/www.master.it\\\/wp-content\\\/uploads\\\/2022\\\/04\\\/Logo_master.png\",\"width\":552,\"height\":85,\"caption\":\"Master\"},\"image\":{\"@id\":\"https:\\\/\\\/www.master.it\\\/fr\\\/#\\\/schema\\\/logo\\\/image\\\/\"}}]}<\/script>\n<!-- \/ Yoast SEO plugin. -->","yoast_head_json":{"title":"R\u00e9alisations - Master","robots":{"index":"index","follow":"follow","max-snippet":"max-snippet:-1","max-image-preview":"max-image-preview:large","max-video-preview":"max-video-preview:-1"},"canonical":"https:\/\/www.master.it\/fr\/realisations\/","og_locale":"fr_FR","og_type":"article","og_title":"R\u00e9alisations - Master","og_description":"Des petits d\u00e9tails qui mettent en valeur chaque environnement Qu&rsquo;il s&rsquo;agisse de maisons, d&rsquo;h\u00f4tels, de bureaux ou de b\u00e2timents industriels, Master r\u00e9pond aux demandes de conception par des solutions ax\u00e9es sur le client, sp\u00e9cifiques \u00e0 chaque environnement et \u00e0 ses habitants. Parmi les nombreuses installations r\u00e9alis\u00e9es au cours de ses 40 ans d&rsquo;existence, certaines se&hellip;","og_url":"https:\/\/www.master.it\/fr\/realisations\/","og_site_name":"Master","article_modified_time":"2023-01-09T15:56:09+00:00","og_image":[{"width":552,"height":85,"url":"https:\/\/www.master.it\/wp-content\/uploads\/2022\/04\/Logo_master.png","type":"image\/png"}],"twitter_card":"summary_large_image","twitter_misc":{"Dur\u00e9e de lecture estim\u00e9e":"1 minute"},"schema":{"@context":"https:\/\/schema.org","@graph":[{"@type":"WebPage","@id":"https:\/\/www.master.it\/fr\/realisations\/","url":"https:\/\/www.master.it\/fr\/realisations\/","name":"R\u00e9alisations - Master","isPartOf":{"@id":"https:\/\/www.master.it\/fr\/#website"},"datePublished":"2022-06-21T15:09:49+00:00","dateModified":"2023-01-09T15:56:09+00:00","breadcrumb":{"@id":"https:\/\/www.master.it\/fr\/realisations\/#breadcrumb"},"inLanguage":"fr-FR","potentialAction":[{"@type":"ReadAction","target":["https:\/\/www.master.it\/fr\/realisations\/"]}]},{"@type":"BreadcrumbList","@id":"https:\/\/www.master.it\/fr\/realisations\/#breadcrumb","itemListElement":[{"@type":"ListItem","position":1,"name":"Home","item":"https:\/\/www.master.it\/fr\/"},{"@type":"ListItem","position":2,"name":"R\u00e9alisations"}]},{"@type":"WebSite","@id":"https:\/\/www.master.it\/fr\/#website","url":"https:\/\/www.master.it\/fr\/","name":"Master","description":"","publisher":{"@id":"https:\/\/www.master.it\/fr\/#organization"},"potentialAction":[{"@type":"SearchAction","target":{"@type":"EntryPoint","urlTemplate":"https:\/\/www.master.it\/fr\/?s={search_term_string}"},"query-input":{"@type":"PropertyValueSpecification","valueRequired":true,"valueName":"search_term_string"}}],"inLanguage":"fr-FR"},{"@type":"Organization","@id":"https:\/\/www.master.it\/fr\/#organization","name":"Master","url":"https:\/\/www.master.it\/fr\/","logo":{"@type":"ImageObject","inLanguage":"fr-FR","@id":"https:\/\/www.master.it\/fr\/#\/schema\/logo\/image\/","url":"https:\/\/www.master.it\/wp-content\/uploads\/2022\/04\/Logo_master.png","contentUrl":"https:\/\/www.master.it\/wp-content\/uploads\/2022\/04\/Logo_master.png","width":552,"height":85,"caption":"Master"},"image":{"@id":"https:\/\/www.master.it\/fr\/#\/schema\/logo\/image\/"}}]}},"jetpack_sharing_enabled":true,"_links":{"self":[{"href":"https:\/\/www.master.it\/fr\/wp-json\/wp\/v2\/pages\/102325","targetHints":{"allow":["GET"]}}],"collection":[{"href":"https:\/\/www.master.it\/fr\/wp-json\/wp\/v2\/pages"}],"about":[{"href":"https:\/\/www.master.it\/fr\/wp-json\/wp\/v2\/types\/page"}],"author":[{"embeddable":true,"href":"https:\/\/www.master.it\/fr\/wp-json\/wp\/v2\/users\/1"}],"replies":[{"embeddable":true,"href":"https:\/\/www.master.it\/fr\/wp-json\/wp\/v2\/comments?post=102325"}],"version-history":[{"count":13,"href":"https:\/\/www.master.it\/fr\/wp-json\/wp\/v2\/pages\/102325\/revisions"}],"predecessor-version":[{"id":131366,"href":"https:\/\/www.master.it\/fr\/wp-json\/wp\/v2\/pages\/102325\/revisions\/131366"}],"wp:attachment":[{"href":"https:\/\/www.master.it\/fr\/wp-json\/wp\/v2\/media?parent=102325"}],"curies":[{"name":"wp","href":"https:\/\/api.w.org\/{rel}","templated":true}]}}