{"id":102722,"date":"2022-04-21T14:59:23","date_gmt":"2022-04-21T12:59:23","guid":{"rendered":"https:\/\/master.it\/riscaldamento-elettrico\/"},"modified":"2023-01-09T16:53:04","modified_gmt":"2023-01-09T15:53:04","slug":"chauffage-electrique","status":"publish","type":"page","link":"https:\/\/www.master.it\/fr\/chauffage-electrique\/","title":{"rendered":"Chauffage \u00e9lectrique"},"content":{"rendered":"\t\t<div data-elementor-type=\"wp-page\" data-elementor-id=\"102722\" class=\"elementor elementor-102722 elementor-1336\" data-elementor-post-type=\"page\">\n\t\t\t\t\t\t<section class=\"elementor-section elementor-top-section elementor-element elementor-element-3cf5e05 elementor-section-boxed elementor-section-height-default elementor-section-height-default\" data-id=\"3cf5e05\" data-element_type=\"section\" data-e-type=\"section\">\n\t\t\t\t\t\t<div class=\"elementor-container elementor-column-gap-default\">\n\t\t\t\t\t<div class=\"elementor-column elementor-col-50 elementor-top-column elementor-element elementor-element-a7c2126\" data-id=\"a7c2126\" data-element_type=\"column\" data-e-type=\"column\">\n\t\t\t<div class=\"elementor-widget-wrap elementor-element-populated\">\n\t\t\t\t\t\t<div class=\"elementor-element elementor-element-576e6c7 elementor-widget elementor-widget-image\" data-id=\"576e6c7\" data-element_type=\"widget\" data-e-type=\"widget\" data-widget_type=\"image.default\">\n\t\t\t\t<div class=\"elementor-widget-container\">\n\t\t\t\t\t\t\t\t\t\t\t\t\t\t\t<img fetchpriority=\"high\" decoding=\"async\" width=\"1024\" height=\"487\" src=\"https:\/\/www.master.it\/wp-content\/uploads\/2022\/04\/ant-Riscaldamento-1-1024x487.jpg\" class=\"attachment-large size-large wp-image-1352\" alt=\"\" srcset=\"https:\/\/www.master.it\/wp-content\/uploads\/2022\/04\/ant-Riscaldamento-1-1024x487.jpg 1024w, https:\/\/www.master.it\/wp-content\/uploads\/2022\/04\/ant-Riscaldamento-1-600x285.jpg 600w, https:\/\/www.master.it\/wp-content\/uploads\/2022\/04\/ant-Riscaldamento-1-300x143.jpg 300w, https:\/\/www.master.it\/wp-content\/uploads\/2022\/04\/ant-Riscaldamento-1-768x365.jpg 768w, https:\/\/www.master.it\/wp-content\/uploads\/2022\/04\/ant-Riscaldamento-1.jpg 1140w\" sizes=\"(max-width: 1024px) 100vw, 1024px\" \/>\t\t\t\t\t\t\t\t\t\t\t\t\t\t\t<\/div>\n\t\t\t\t<\/div>\n\t\t\t\t\t<\/div>\n\t\t<\/div>\n\t\t\t\t<div class=\"elementor-column elementor-col-50 elementor-top-column elementor-element elementor-element-2daf236\" data-id=\"2daf236\" data-element_type=\"column\" data-e-type=\"column\">\n\t\t\t<div class=\"elementor-widget-wrap elementor-element-populated\">\n\t\t\t\t\t\t<div class=\"elementor-element elementor-element-a9d8526 elementor-widget elementor-widget-heading\" data-id=\"a9d8526\" data-element_type=\"widget\" data-e-type=\"widget\" data-widget_type=\"heading.default\">\n\t\t\t\t<div class=\"elementor-widget-container\">\n\t\t\t\t\t<h2 class=\"elementor-heading-title elementor-size-default\">UNA THERMAFLOOR<\/h2>\t\t\t\t<\/div>\n\t\t\t\t<\/div>\n\t\t\t\t<div class=\"elementor-element elementor-element-7a31250 elementor-widget elementor-widget-text-editor\" data-id=\"7a31250\" data-element_type=\"widget\" data-e-type=\"widget\" data-widget_type=\"text-editor.default\">\n\t\t\t\t<div class=\"elementor-widget-container\">\n\t\t\t\t\t\t\t\t\t<p>UNA ThermaFloor est le syst\u00e8me de chauffage \u00e9lectrique radiant diffus de Master, caract\u00e9ris\u00e9 par une tr\u00e8s haute efficacit\u00e9 \u00e9nerg\u00e9tique et une extr\u00eame facilit\u00e9 d&rsquo;installation.<\/p>\t\t\t\t\t\t\t\t<\/div>\n\t\t\t\t<\/div>\n\t\t\t\t\t<\/div>\n\t\t<\/div>\n\t\t\t\t\t<\/div>\n\t\t<\/section>\n\t\t\t\t<section class=\"elementor-section elementor-top-section elementor-element elementor-element-179c3ee elementor-section-stretched elementor-section-boxed elementor-section-height-default elementor-section-height-default\" data-id=\"179c3ee\" data-element_type=\"section\" data-e-type=\"section\" data-settings=\"{&quot;stretch_section&quot;:&quot;section-stretched&quot;,&quot;background_background&quot;:&quot;classic&quot;}\">\n\t\t\t\t\t\t<div class=\"elementor-container elementor-column-gap-default\">\n\t\t\t\t\t<div class=\"elementor-column elementor-col-100 elementor-top-column elementor-element elementor-element-3c439fe\" data-id=\"3c439fe\" data-element_type=\"column\" data-e-type=\"column\">\n\t\t\t<div class=\"elementor-widget-wrap elementor-element-populated\">\n\t\t\t\t\t\t<section class=\"elementor-section elementor-inner-section elementor-element elementor-element-9331835 elementor-section-boxed elementor-section-height-default elementor-section-height-default\" data-id=\"9331835\" data-element_type=\"section\" data-e-type=\"section\">\n\t\t\t\t\t\t<div class=\"elementor-container elementor-column-gap-default\">\n\t\t\t\t\t<div class=\"elementor-column elementor-col-50 elementor-inner-column elementor-element elementor-element-6965483\" data-id=\"6965483\" data-element_type=\"column\" data-e-type=\"column\">\n\t\t\t<div class=\"elementor-widget-wrap elementor-element-populated\">\n\t\t\t\t\t\t<div class=\"elementor-element elementor-element-0884b8a elementor-position-top elementor-widget elementor-widget-image-box\" data-id=\"0884b8a\" data-element_type=\"widget\" data-e-type=\"widget\" data-widget_type=\"image-box.default\">\n\t\t\t\t<div class=\"elementor-widget-container\">\n\t\t\t\t\t<div class=\"elementor-image-box-wrapper\"><figure class=\"elementor-image-box-img\"><img decoding=\"async\" width=\"1140\" height=\"542\" src=\"https:\/\/www.master.it\/wp-content\/uploads\/2022\/04\/ant-Riscaldamento-2.jpg\" class=\"attachment-full size-full wp-image-1348\" alt=\"\" srcset=\"https:\/\/www.master.it\/wp-content\/uploads\/2022\/04\/ant-Riscaldamento-2.jpg 1140w, https:\/\/www.master.it\/wp-content\/uploads\/2022\/04\/ant-Riscaldamento-2-600x285.jpg 600w, https:\/\/www.master.it\/wp-content\/uploads\/2022\/04\/ant-Riscaldamento-2-300x143.jpg 300w, https:\/\/www.master.it\/wp-content\/uploads\/2022\/04\/ant-Riscaldamento-2-1024x487.jpg 1024w, https:\/\/www.master.it\/wp-content\/uploads\/2022\/04\/ant-Riscaldamento-2-768x365.jpg 768w\" sizes=\"(max-width: 1140px) 100vw, 1140px\" \/><\/figure><div class=\"elementor-image-box-content\"><h3 class=\"elementor-image-box-title\">Une int\u00e9gration parfaite<\/h3><p class=\"elementor-image-box-description\">Con\u00e7u pour une grande vari\u00e9t\u00e9 d'applications, UNA ThermaFloor s'int\u00e8gre parfaitement au syst\u00e8me domotique UNA Automation de Master, formant un tout entre le syst\u00e8me \u00e9lectrique, domotique et de chauffage, dont le but est d'assurer le bien-\u00eatre de ceux qui veulent vivre sans soucis.<\/p><\/div><\/div>\t\t\t\t<\/div>\n\t\t\t\t<\/div>\n\t\t\t\t\t<\/div>\n\t\t<\/div>\n\t\t\t\t<div class=\"elementor-column elementor-col-50 elementor-inner-column elementor-element elementor-element-ab8a66a\" data-id=\"ab8a66a\" data-element_type=\"column\" data-e-type=\"column\">\n\t\t\t<div class=\"elementor-widget-wrap elementor-element-populated\">\n\t\t\t\t\t\t<div class=\"elementor-element elementor-element-38d9bff elementor-position-top elementor-widget elementor-widget-image-box\" data-id=\"38d9bff\" data-element_type=\"widget\" data-e-type=\"widget\" data-widget_type=\"image-box.default\">\n\t\t\t\t<div class=\"elementor-widget-container\">\n\t\t\t\t\t<div class=\"elementor-image-box-wrapper\"><figure class=\"elementor-image-box-img\"><img decoding=\"async\" width=\"1140\" height=\"542\" src=\"https:\/\/www.master.it\/wp-content\/uploads\/2022\/04\/ant-Riscaldamento-3.jpg\" class=\"attachment-full size-full wp-image-1344\" alt=\"\" srcset=\"https:\/\/www.master.it\/wp-content\/uploads\/2022\/04\/ant-Riscaldamento-3.jpg 1140w, https:\/\/www.master.it\/wp-content\/uploads\/2022\/04\/ant-Riscaldamento-3-600x285.jpg 600w, https:\/\/www.master.it\/wp-content\/uploads\/2022\/04\/ant-Riscaldamento-3-300x143.jpg 300w, https:\/\/www.master.it\/wp-content\/uploads\/2022\/04\/ant-Riscaldamento-3-1024x487.jpg 1024w, https:\/\/www.master.it\/wp-content\/uploads\/2022\/04\/ant-Riscaldamento-3-768x365.jpg 768w\" sizes=\"(max-width: 1140px) 100vw, 1140px\" \/><\/figure><div class=\"elementor-image-box-content\"><h3 class=\"elementor-image-box-title\">Chauffage autor\u00e9gul\u00e9<\/h3><p class=\"elementor-image-box-description\">UNA ThermaFloor est un syst\u00e8me de chauffage \u00e9lectrique autor\u00e9gulant en nano-polym\u00e8re aliment\u00e9 \u00e0 basse tension (24\/27 V), compos\u00e9 de bandes de polym\u00e8re de 30,5 cm de large et de seulement 1,2 mm d'\u00e9paisseur, qui peut \u00eatre adapt\u00e9 \u00e0 de multiples applications\u00a0: sous le sol, sous le pl\u00e2tre des murs et des plafonds, mais aussi en ext\u00e9rieur avec une fonction de protection contre la neige et la glace dans les cours, sur les rampes, les escaliers, les trottoirs, les parkings et m\u00eame les toits.<\/p><\/div><\/div>\t\t\t\t<\/div>\n\t\t\t\t<\/div>\n\t\t\t\t\t<\/div>\n\t\t<\/div>\n\t\t\t\t\t<\/div>\n\t\t<\/section>\n\t\t\t\t<section class=\"elementor-section elementor-inner-section elementor-element elementor-element-e38bc9d elementor-section-boxed elementor-section-height-default elementor-section-height-default\" data-id=\"e38bc9d\" data-element_type=\"section\" data-e-type=\"section\">\n\t\t\t\t\t\t<div class=\"elementor-container elementor-column-gap-default\">\n\t\t\t\t\t<div class=\"elementor-column elementor-col-50 elementor-inner-column elementor-element elementor-element-6ae1a98\" data-id=\"6ae1a98\" data-element_type=\"column\" data-e-type=\"column\">\n\t\t\t<div class=\"elementor-widget-wrap elementor-element-populated\">\n\t\t\t\t\t\t<div class=\"elementor-element elementor-element-73550b4 elementor-position-top elementor-widget elementor-widget-image-box\" data-id=\"73550b4\" data-element_type=\"widget\" data-e-type=\"widget\" data-widget_type=\"image-box.default\">\n\t\t\t\t<div class=\"elementor-widget-container\">\n\t\t\t\t\t<div class=\"elementor-image-box-wrapper\"><figure class=\"elementor-image-box-img\"><img loading=\"lazy\" decoding=\"async\" width=\"1140\" height=\"542\" src=\"https:\/\/www.master.it\/wp-content\/uploads\/2022\/07\/Alimentatori.jpg\" class=\"attachment-full size-full wp-image-104570\" alt=\"\" srcset=\"https:\/\/www.master.it\/wp-content\/uploads\/2022\/07\/Alimentatori.jpg 1140w, https:\/\/www.master.it\/wp-content\/uploads\/2022\/07\/Alimentatori-600x285.jpg 600w, https:\/\/www.master.it\/wp-content\/uploads\/2022\/07\/Alimentatori-300x143.jpg 300w, https:\/\/www.master.it\/wp-content\/uploads\/2022\/07\/Alimentatori-1024x487.jpg 1024w, https:\/\/www.master.it\/wp-content\/uploads\/2022\/07\/Alimentatori-768x365.jpg 768w\" sizes=\"(max-width: 1140px) 100vw, 1140px\" \/><\/figure><div class=\"elementor-image-box-content\"><h3 class=\"elementor-image-box-title\">Facilit\u00e9 de gestion<\/h3><p class=\"elementor-image-box-description\">UNA ThermaFloor est facile \u00e0 appliquer, tant dans les nouveaux b\u00e2timents que dans les immeubles r\u00e9habilit\u00e9s, mais surtout, il est facile \u00e0 g\u00e9rer: il ne n\u00e9cessite aucun entretien, sa fiabilit\u00e9 est totale dans le temps et, gr\u00e2ce \u00e0 sa technologie auto-modulante, il vous permet de r\u00e9duire consid\u00e9rablement la consommation<\/p><\/div><\/div>\t\t\t\t<\/div>\n\t\t\t\t<\/div>\n\t\t\t\t\t<\/div>\n\t\t<\/div>\n\t\t\t\t<div class=\"elementor-column elementor-col-50 elementor-inner-column elementor-element elementor-element-17bf053\" data-id=\"17bf053\" data-element_type=\"column\" data-e-type=\"column\">\n\t\t\t<div class=\"elementor-widget-wrap\">\n\t\t\t\t\t\t\t<\/div>\n\t\t<\/div>\n\t\t\t\t\t<\/div>\n\t\t<\/section>\n\t\t\t\t\t<\/div>\n\t\t<\/div>\n\t\t\t\t\t<\/div>\n\t\t<\/section>\n\t\t\t\t<section class=\"elementor-section elementor-top-section elementor-element elementor-element-9283c7e elementor-section-stretched elementor-section-boxed elementor-section-height-default elementor-section-height-default\" data-id=\"9283c7e\" data-element_type=\"section\" data-e-type=\"section\" data-settings=\"{&quot;stretch_section&quot;:&quot;section-stretched&quot;,&quot;background_background&quot;:&quot;classic&quot;}\">\n\t\t\t\t\t\t<div class=\"elementor-container elementor-column-gap-default\">\n\t\t\t\t\t<div class=\"elementor-column elementor-col-33 elementor-top-column elementor-element elementor-element-396d261\" data-id=\"396d261\" data-element_type=\"column\" data-e-type=\"column\">\n\t\t\t<div class=\"elementor-widget-wrap elementor-element-populated\">\n\t\t\t\t\t\t<div class=\"elementor-element elementor-element-0ae03b4 elementor-align-center elementor-invisible elementor-widget elementor-widget-the7_button_widget\" data-id=\"0ae03b4\" data-element_type=\"widget\" data-e-type=\"widget\" data-settings=\"{&quot;_animation&quot;:&quot;fadeInUp&quot;}\" data-widget_type=\"the7_button_widget.default\">\n\t\t\t\t<div class=\"elementor-widget-container\">\n\t\t\t\t\t<div class=\"elementor-button-wrapper\"><a href=\"\/fr\/connexion-eclairage-equipements\/\" class=\"box-button elementor-button elementor-size-md\">\u00c9clairage, \u00e9quipements<i aria-hidden=\"true\" class=\"elementor-button-icon fas fa-arrow-circle-left\"><\/i><\/a><\/div>\t\t\t\t<\/div>\n\t\t\t\t<\/div>\n\t\t\t\t\t<\/div>\n\t\t<\/div>\n\t\t\t\t<div class=\"elementor-column elementor-col-33 elementor-top-column elementor-element elementor-element-40f404e\" data-id=\"40f404e\" data-element_type=\"column\" data-e-type=\"column\">\n\t\t\t<div class=\"elementor-widget-wrap\">\n\t\t\t\t\t\t\t<\/div>\n\t\t<\/div>\n\t\t\t\t<div class=\"elementor-column elementor-col-33 elementor-top-column elementor-element elementor-element-1f963aa\" data-id=\"1f963aa\" data-element_type=\"column\" data-e-type=\"column\">\n\t\t\t<div class=\"elementor-widget-wrap elementor-element-populated\">\n\t\t\t\t\t\t<div class=\"elementor-element elementor-element-5bcb080 elementor-align-center elementor-invisible elementor-widget elementor-widget-the7_button_widget\" data-id=\"5bcb080\" data-element_type=\"widget\" data-e-type=\"widget\" data-settings=\"{&quot;_animation&quot;:&quot;fadeInUp&quot;}\" data-widget_type=\"the7_button_widget.default\">\n\t\t\t\t<div class=\"elementor-widget-container\">\n\t\t\t\t\t<div class=\"elementor-button-wrapper\"><a href=\"\/fr\/libre-service\/\" class=\"box-button elementor-button elementor-size-md\">Libre-service<i aria-hidden=\"true\" class=\"elementor-button-icon fas fa-arrow-circle-right\"><\/i><\/a><\/div>\t\t\t\t<\/div>\n\t\t\t\t<\/div>\n\t\t\t\t\t<\/div>\n\t\t<\/div>\n\t\t\t\t\t<\/div>\n\t\t<\/section>\n\t\t\t\t<\/div>\n\t\t","protected":false},"excerpt":{"rendered":"<p>UNA THERMAFLOOR UNA ThermaFloor est le syst\u00e8me de chauffage \u00e9lectrique radiant diffus de Master, caract\u00e9ris\u00e9 par une tr\u00e8s haute efficacit\u00e9 \u00e9nerg\u00e9tique et une extr\u00eame facilit\u00e9 d&rsquo;installation. Une int\u00e9gration parfaite Con\u00e7u pour une grande vari\u00e9t\u00e9 d&rsquo;applications, UNA ThermaFloor s&rsquo;int\u00e8gre parfaitement au syst\u00e8me domotique UNA Automation de Master, formant un tout entre le syst\u00e8me \u00e9lectrique, domotique et&hellip;<\/p>\n","protected":false},"author":1,"featured_media":0,"parent":0,"menu_order":0,"comment_status":"closed","ping_status":"closed","template":"","meta":{"_acf_changed":false,"footnotes":""},"class_list":["post-102722","page","type-page","status-publish","hentry"],"acf":[],"yoast_head":"<!-- This site is optimized with the Yoast SEO plugin v27.3 - https:\/\/yoast.com\/product\/yoast-seo-wordpress\/ -->\n<title>Chauffage \u00e9lectrique - Master<\/title>\n<meta name=\"robots\" content=\"index, follow, max-snippet:-1, max-image-preview:large, max-video-preview:-1\" \/>\n<link rel=\"canonical\" href=\"https:\/\/www.master.it\/fr\/chauffage-electrique\/\" \/>\n<meta property=\"og:locale\" content=\"fr_FR\" \/>\n<meta property=\"og:type\" content=\"article\" \/>\n<meta property=\"og:title\" content=\"Chauffage \u00e9lectrique - Master\" \/>\n<meta property=\"og:description\" content=\"UNA THERMAFLOOR UNA ThermaFloor est le syst\u00e8me de chauffage \u00e9lectrique radiant diffus de Master, caract\u00e9ris\u00e9 par une tr\u00e8s haute efficacit\u00e9 \u00e9nerg\u00e9tique et une extr\u00eame facilit\u00e9 d&rsquo;installation. Une int\u00e9gration parfaite Con\u00e7u pour une grande vari\u00e9t\u00e9 d&rsquo;applications, UNA ThermaFloor s&rsquo;int\u00e8gre parfaitement au syst\u00e8me domotique UNA Automation de Master, formant un tout entre le syst\u00e8me \u00e9lectrique, domotique et&hellip;\" \/>\n<meta property=\"og:url\" content=\"https:\/\/www.master.it\/fr\/chauffage-electrique\/\" \/>\n<meta property=\"og:site_name\" content=\"Master\" \/>\n<meta property=\"article:modified_time\" content=\"2023-01-09T15:53:04+00:00\" \/>\n<meta property=\"og:image\" content=\"http:\/\/master.it\/wp-content\/uploads\/2022\/04\/ant-Riscaldamento-1-1024x487.jpg\" \/>\n<meta name=\"twitter:card\" content=\"summary_large_image\" \/>\n<meta name=\"twitter:label1\" content=\"Dur\u00e9e de lecture estim\u00e9e\" \/>\n\t<meta name=\"twitter:data1\" content=\"2 minutes\" \/>\n<script type=\"application\/ld+json\" class=\"yoast-schema-graph\">{\"@context\":\"https:\\\/\\\/schema.org\",\"@graph\":[{\"@type\":\"WebPage\",\"@id\":\"https:\\\/\\\/www.master.it\\\/fr\\\/chauffage-electrique\\\/\",\"url\":\"https:\\\/\\\/www.master.it\\\/fr\\\/chauffage-electrique\\\/\",\"name\":\"Chauffage \u00e9lectrique - Master\",\"isPartOf\":{\"@id\":\"https:\\\/\\\/www.master.it\\\/fr\\\/#website\"},\"primaryImageOfPage\":{\"@id\":\"https:\\\/\\\/www.master.it\\\/fr\\\/chauffage-electrique\\\/#primaryimage\"},\"image\":{\"@id\":\"https:\\\/\\\/www.master.it\\\/fr\\\/chauffage-electrique\\\/#primaryimage\"},\"thumbnailUrl\":\"http:\\\/\\\/master.it\\\/wp-content\\\/uploads\\\/2022\\\/04\\\/ant-Riscaldamento-1-1024x487.jpg\",\"datePublished\":\"2022-04-21T12:59:23+00:00\",\"dateModified\":\"2023-01-09T15:53:04+00:00\",\"breadcrumb\":{\"@id\":\"https:\\\/\\\/www.master.it\\\/fr\\\/chauffage-electrique\\\/#breadcrumb\"},\"inLanguage\":\"fr-FR\",\"potentialAction\":[{\"@type\":\"ReadAction\",\"target\":[\"https:\\\/\\\/www.master.it\\\/fr\\\/chauffage-electrique\\\/\"]}]},{\"@type\":\"ImageObject\",\"inLanguage\":\"fr-FR\",\"@id\":\"https:\\\/\\\/www.master.it\\\/fr\\\/chauffage-electrique\\\/#primaryimage\",\"url\":\"http:\\\/\\\/master.it\\\/wp-content\\\/uploads\\\/2022\\\/04\\\/ant-Riscaldamento-1-1024x487.jpg\",\"contentUrl\":\"http:\\\/\\\/master.it\\\/wp-content\\\/uploads\\\/2022\\\/04\\\/ant-Riscaldamento-1-1024x487.jpg\"},{\"@type\":\"BreadcrumbList\",\"@id\":\"https:\\\/\\\/www.master.it\\\/fr\\\/chauffage-electrique\\\/#breadcrumb\",\"itemListElement\":[{\"@type\":\"ListItem\",\"position\":1,\"name\":\"Home\",\"item\":\"https:\\\/\\\/www.master.it\\\/fr\\\/\"},{\"@type\":\"ListItem\",\"position\":2,\"name\":\"Chauffage \u00e9lectrique\"}]},{\"@type\":\"WebSite\",\"@id\":\"https:\\\/\\\/www.master.it\\\/fr\\\/#website\",\"url\":\"https:\\\/\\\/www.master.it\\\/fr\\\/\",\"name\":\"Master\",\"description\":\"\",\"publisher\":{\"@id\":\"https:\\\/\\\/www.master.it\\\/fr\\\/#organization\"},\"potentialAction\":[{\"@type\":\"SearchAction\",\"target\":{\"@type\":\"EntryPoint\",\"urlTemplate\":\"https:\\\/\\\/www.master.it\\\/fr\\\/?s={search_term_string}\"},\"query-input\":{\"@type\":\"PropertyValueSpecification\",\"valueRequired\":true,\"valueName\":\"search_term_string\"}}],\"inLanguage\":\"fr-FR\"},{\"@type\":\"Organization\",\"@id\":\"https:\\\/\\\/www.master.it\\\/fr\\\/#organization\",\"name\":\"Master\",\"url\":\"https:\\\/\\\/www.master.it\\\/fr\\\/\",\"logo\":{\"@type\":\"ImageObject\",\"inLanguage\":\"fr-FR\",\"@id\":\"https:\\\/\\\/www.master.it\\\/fr\\\/#\\\/schema\\\/logo\\\/image\\\/\",\"url\":\"https:\\\/\\\/www.master.it\\\/wp-content\\\/uploads\\\/2022\\\/04\\\/Logo_master.png\",\"contentUrl\":\"https:\\\/\\\/www.master.it\\\/wp-content\\\/uploads\\\/2022\\\/04\\\/Logo_master.png\",\"width\":552,\"height\":85,\"caption\":\"Master\"},\"image\":{\"@id\":\"https:\\\/\\\/www.master.it\\\/fr\\\/#\\\/schema\\\/logo\\\/image\\\/\"}}]}<\/script>\n<!-- \/ Yoast SEO plugin. -->","yoast_head_json":{"title":"Chauffage \u00e9lectrique - Master","robots":{"index":"index","follow":"follow","max-snippet":"max-snippet:-1","max-image-preview":"max-image-preview:large","max-video-preview":"max-video-preview:-1"},"canonical":"https:\/\/www.master.it\/fr\/chauffage-electrique\/","og_locale":"fr_FR","og_type":"article","og_title":"Chauffage \u00e9lectrique - Master","og_description":"UNA THERMAFLOOR UNA ThermaFloor est le syst\u00e8me de chauffage \u00e9lectrique radiant diffus de Master, caract\u00e9ris\u00e9 par une tr\u00e8s haute efficacit\u00e9 \u00e9nerg\u00e9tique et une extr\u00eame facilit\u00e9 d&rsquo;installation. Une int\u00e9gration parfaite Con\u00e7u pour une grande vari\u00e9t\u00e9 d&rsquo;applications, UNA ThermaFloor s&rsquo;int\u00e8gre parfaitement au syst\u00e8me domotique UNA Automation de Master, formant un tout entre le syst\u00e8me \u00e9lectrique, domotique et&hellip;","og_url":"https:\/\/www.master.it\/fr\/chauffage-electrique\/","og_site_name":"Master","article_modified_time":"2023-01-09T15:53:04+00:00","og_image":[{"url":"http:\/\/master.it\/wp-content\/uploads\/2022\/04\/ant-Riscaldamento-1-1024x487.jpg","type":"","width":"","height":""}],"twitter_card":"summary_large_image","twitter_misc":{"Dur\u00e9e de lecture estim\u00e9e":"2 minutes"},"schema":{"@context":"https:\/\/schema.org","@graph":[{"@type":"WebPage","@id":"https:\/\/www.master.it\/fr\/chauffage-electrique\/","url":"https:\/\/www.master.it\/fr\/chauffage-electrique\/","name":"Chauffage \u00e9lectrique - Master","isPartOf":{"@id":"https:\/\/www.master.it\/fr\/#website"},"primaryImageOfPage":{"@id":"https:\/\/www.master.it\/fr\/chauffage-electrique\/#primaryimage"},"image":{"@id":"https:\/\/www.master.it\/fr\/chauffage-electrique\/#primaryimage"},"thumbnailUrl":"http:\/\/master.it\/wp-content\/uploads\/2022\/04\/ant-Riscaldamento-1-1024x487.jpg","datePublished":"2022-04-21T12:59:23+00:00","dateModified":"2023-01-09T15:53:04+00:00","breadcrumb":{"@id":"https:\/\/www.master.it\/fr\/chauffage-electrique\/#breadcrumb"},"inLanguage":"fr-FR","potentialAction":[{"@type":"ReadAction","target":["https:\/\/www.master.it\/fr\/chauffage-electrique\/"]}]},{"@type":"ImageObject","inLanguage":"fr-FR","@id":"https:\/\/www.master.it\/fr\/chauffage-electrique\/#primaryimage","url":"http:\/\/master.it\/wp-content\/uploads\/2022\/04\/ant-Riscaldamento-1-1024x487.jpg","contentUrl":"http:\/\/master.it\/wp-content\/uploads\/2022\/04\/ant-Riscaldamento-1-1024x487.jpg"},{"@type":"BreadcrumbList","@id":"https:\/\/www.master.it\/fr\/chauffage-electrique\/#breadcrumb","itemListElement":[{"@type":"ListItem","position":1,"name":"Home","item":"https:\/\/www.master.it\/fr\/"},{"@type":"ListItem","position":2,"name":"Chauffage \u00e9lectrique"}]},{"@type":"WebSite","@id":"https:\/\/www.master.it\/fr\/#website","url":"https:\/\/www.master.it\/fr\/","name":"Master","description":"","publisher":{"@id":"https:\/\/www.master.it\/fr\/#organization"},"potentialAction":[{"@type":"SearchAction","target":{"@type":"EntryPoint","urlTemplate":"https:\/\/www.master.it\/fr\/?s={search_term_string}"},"query-input":{"@type":"PropertyValueSpecification","valueRequired":true,"valueName":"search_term_string"}}],"inLanguage":"fr-FR"},{"@type":"Organization","@id":"https:\/\/www.master.it\/fr\/#organization","name":"Master","url":"https:\/\/www.master.it\/fr\/","logo":{"@type":"ImageObject","inLanguage":"fr-FR","@id":"https:\/\/www.master.it\/fr\/#\/schema\/logo\/image\/","url":"https:\/\/www.master.it\/wp-content\/uploads\/2022\/04\/Logo_master.png","contentUrl":"https:\/\/www.master.it\/wp-content\/uploads\/2022\/04\/Logo_master.png","width":552,"height":85,"caption":"Master"},"image":{"@id":"https:\/\/www.master.it\/fr\/#\/schema\/logo\/image\/"}}]}},"jetpack_sharing_enabled":true,"_links":{"self":[{"href":"https:\/\/www.master.it\/fr\/wp-json\/wp\/v2\/pages\/102722","targetHints":{"allow":["GET"]}}],"collection":[{"href":"https:\/\/www.master.it\/fr\/wp-json\/wp\/v2\/pages"}],"about":[{"href":"https:\/\/www.master.it\/fr\/wp-json\/wp\/v2\/types\/page"}],"author":[{"embeddable":true,"href":"https:\/\/www.master.it\/fr\/wp-json\/wp\/v2\/users\/1"}],"replies":[{"embeddable":true,"href":"https:\/\/www.master.it\/fr\/wp-json\/wp\/v2\/comments?post=102722"}],"version-history":[{"count":9,"href":"https:\/\/www.master.it\/fr\/wp-json\/wp\/v2\/pages\/102722\/revisions"}],"predecessor-version":[{"id":131359,"href":"https:\/\/www.master.it\/fr\/wp-json\/wp\/v2\/pages\/102722\/revisions\/131359"}],"wp:attachment":[{"href":"https:\/\/www.master.it\/fr\/wp-json\/wp\/v2\/media?parent=102722"}],"curies":[{"name":"wp","href":"https:\/\/api.w.org\/{rel}","templated":true}]}}