{"id":103469,"date":"2022-06-24T10:54:39","date_gmt":"2022-06-24T08:54:39","guid":{"rendered":"https:\/\/master.it\/cookie-policy\/"},"modified":"2022-12-22T11:34:25","modified_gmt":"2022-12-22T10:34:25","slug":"cookie-policy","status":"publish","type":"page","link":"https:\/\/www.master.it\/fr\/cookie-policy\/","title":{"rendered":"Cookie Policy"},"content":{"rendered":"\t\t<div data-elementor-type=\"wp-page\" data-elementor-id=\"103469\" class=\"elementor elementor-103469 elementor-101068\" data-elementor-post-type=\"page\">\n\t\t\t\t\t\t<section class=\"elementor-section elementor-top-section elementor-element elementor-element-4f76ec4 elementor-section-boxed elementor-section-height-default elementor-section-height-default\" data-id=\"4f76ec4\" data-element_type=\"section\" data-e-type=\"section\">\n\t\t\t\t\t\t<div class=\"elementor-container elementor-column-gap-default\">\n\t\t\t\t\t<div class=\"elementor-column elementor-col-100 elementor-top-column elementor-element elementor-element-2ba1083\" data-id=\"2ba1083\" data-element_type=\"column\" data-e-type=\"column\">\n\t\t\t<div class=\"elementor-widget-wrap elementor-element-populated\">\n\t\t\t\t\t\t<div class=\"elementor-element elementor-element-6126b5e elementor-widget elementor-widget-text-editor\" data-id=\"6126b5e\" data-element_type=\"widget\" data-e-type=\"widget\" data-widget_type=\"text-editor.default\">\n\t\t\t\t<div class=\"elementor-widget-container\">\n\t\t\t\t\t\t\t\t\t<p><b>Notre site contient des cookies<\/b><\/p><p>Les cookies sont des fragments d&rsquo;informations cr\u00e9\u00e9s par un serveur et stock\u00e9s sur le disque dur du PC ou d&rsquo;un autre appareil (smartphone, tablette, ordinateur portable, etc.) qui sont utiles pour am\u00e9liorer l&rsquo;exp\u00e9rience de navigation au sein du site et fournir un meilleur service au utilisateur. Ils stockent vos donn\u00e9es de navigation au sein du site et vous les retransmettent lors du prochain acc\u00e8s, vous permettant par exemple de revenir sur la page que vous \u00e9tiez en train de visiter.<\/p><p>Les cookies peuvent \u00eatre stock\u00e9s de mani\u00e8re permanente sur l&rsquo;ordinateur ou l&rsquo;appareil et avoir une dur\u00e9e variable (cookies persistants), mais ils peuvent \u00e9galement dispara\u00eetre lorsque le navigateur est ferm\u00e9 ou avoir une dur\u00e9e limit\u00e9e (cookies de session).<\/p><p>Ils peuvent \u00eatre install\u00e9s \u00e0 partir du site que vous visitez (cookies propri\u00e9taires) ou \u00eatre install\u00e9s \u00e0 partir d&rsquo;autres sites Web (cookies tiers).<\/p><p><b>Quels cookies utilisons-nous ?<\/b><\/p><p><b>Cookies de navigation et de fonctionnalit\u00e9: <\/b>les cookies de session propri\u00e9taires et persistants sont utilis\u00e9s sur le Site pour vous permettre de naviguer en toute s\u00e9curit\u00e9 et efficacement, \u00e9galement dans le but d&rsquo;am\u00e9liorer le service.<\/p><p><b>Cookies analytiques:<\/b> nous utilisons sur le Site des cookies pour collecter des informations sur l&rsquo;utilisation du Site par les utilisateurs (nombre de visiteurs, pages visit\u00e9es, temps pass\u00e9 sur le site, etc.).<\/p><p><b>Cookies de profilage:<\/b> sur le Site se trouvent des cookies tiers pour envoyer des messages publicitaires en ligne avec les pr\u00e9f\u00e9rences de l&rsquo;utilisateur.<\/p><p><b>Cookies sociaux:<\/b> sur le Site, nous utilisons des cookies tiers pour permettre aux utilisateurs d&rsquo;interagir avec les r\u00e9seaux sociaux (Facebook, Instagram, Twitter, Linkedin&#8230;) et notamment de partager le contenu du site via les r\u00e9seaux sociaux pr\u00e9cit\u00e9s.<\/p><p>Nous nous engageons \u00e0 prot\u00e9ger les donn\u00e9es personnelles de nos utilisateurs. Nous prenons les mesures techniques et organisationnelles appropri\u00e9es pour prot\u00e9ger la s\u00e9curit\u00e9 de vos donn\u00e9es personnelles.<\/p><p>Nous pouvons ponctuellement apporter des modifications \u00e0 la pr\u00e9sente Notice pour l&rsquo;adapter aux futures transformations du site ou \u00e0 la l\u00e9gislation en vigueur. Chaque fois que nous apporterons des modifications substantielles \u00e0 cet avis, nous fournirons \u00e0 l&rsquo;utilisateur un avis clairement visible, en fonction des circonstances, par exemple en le consultant sur le site Web ou en vous envoyant un e-mail.<\/p><p>Merci d&rsquo;avoir lu notre politique de confidentialit\u00e9 et, si vous avez des questions, \u00e9crivez \u00e0 <span style=\"text-decoration: underline;\"><a href=\"mailto:privacy@master.it\">privacy@master.it<\/a><\/span><\/p>\t\t\t\t\t\t\t\t<\/div>\n\t\t\t\t<\/div>\n\t\t\t\t\t<\/div>\n\t\t<\/div>\n\t\t\t\t\t<\/div>\n\t\t<\/section>\n\t\t\t\t<\/div>\n\t\t","protected":false},"excerpt":{"rendered":"<p>Notre site contient des cookies Les cookies sont des fragments d&rsquo;informations cr\u00e9\u00e9s par un serveur et stock\u00e9s sur le disque dur du PC ou d&rsquo;un autre appareil (smartphone, tablette, ordinateur portable, etc.) qui sont utiles pour am\u00e9liorer l&rsquo;exp\u00e9rience de navigation au sein du site et fournir un meilleur service au utilisateur. Ils stockent vos donn\u00e9es&hellip;<\/p>\n","protected":false},"author":1,"featured_media":0,"parent":0,"menu_order":0,"comment_status":"closed","ping_status":"closed","template":"","meta":{"_acf_changed":false,"footnotes":""},"class_list":["post-103469","page","type-page","status-publish","hentry"],"acf":[],"yoast_head":"<!-- This site is optimized with the Yoast SEO plugin v27.3 - https:\/\/yoast.com\/product\/yoast-seo-wordpress\/ -->\n<title>Cookie Policy - Master<\/title>\n<meta name=\"robots\" content=\"index, follow, max-snippet:-1, max-image-preview:large, max-video-preview:-1\" \/>\n<link rel=\"canonical\" href=\"https:\/\/www.master.it\/fr\/cookie-policy\/\" \/>\n<meta property=\"og:locale\" content=\"fr_FR\" \/>\n<meta property=\"og:type\" content=\"article\" \/>\n<meta property=\"og:title\" content=\"Cookie Policy - Master\" \/>\n<meta property=\"og:description\" content=\"Notre site contient des cookies Les cookies sont des fragments d&rsquo;informations cr\u00e9\u00e9s par un serveur et stock\u00e9s sur le disque dur du PC ou d&rsquo;un autre appareil (smartphone, tablette, ordinateur portable, etc.) qui sont utiles pour am\u00e9liorer l&rsquo;exp\u00e9rience de navigation au sein du site et fournir un meilleur service au utilisateur. Ils stockent vos donn\u00e9es&hellip;\" \/>\n<meta property=\"og:url\" content=\"https:\/\/www.master.it\/fr\/cookie-policy\/\" \/>\n<meta property=\"og:site_name\" content=\"Master\" \/>\n<meta property=\"article:modified_time\" content=\"2022-12-22T10:34:25+00:00\" \/>\n<meta property=\"og:image\" content=\"https:\/\/www.master.it\/wp-content\/uploads\/2022\/04\/Logo_master.png\" \/>\n\t<meta property=\"og:image:width\" content=\"552\" \/>\n\t<meta property=\"og:image:height\" content=\"85\" \/>\n\t<meta property=\"og:image:type\" content=\"image\/png\" \/>\n<meta name=\"twitter:card\" content=\"summary_large_image\" \/>\n<meta name=\"twitter:label1\" content=\"Dur\u00e9e de lecture estim\u00e9e\" \/>\n\t<meta name=\"twitter:data1\" content=\"2 minutes\" \/>\n<script type=\"application\/ld+json\" class=\"yoast-schema-graph\">{\"@context\":\"https:\\\/\\\/schema.org\",\"@graph\":[{\"@type\":\"WebPage\",\"@id\":\"https:\\\/\\\/www.master.it\\\/fr\\\/cookie-policy\\\/\",\"url\":\"https:\\\/\\\/www.master.it\\\/fr\\\/cookie-policy\\\/\",\"name\":\"Cookie Policy - Master\",\"isPartOf\":{\"@id\":\"https:\\\/\\\/www.master.it\\\/fr\\\/#website\"},\"datePublished\":\"2022-06-24T08:54:39+00:00\",\"dateModified\":\"2022-12-22T10:34:25+00:00\",\"breadcrumb\":{\"@id\":\"https:\\\/\\\/www.master.it\\\/fr\\\/cookie-policy\\\/#breadcrumb\"},\"inLanguage\":\"fr-FR\",\"potentialAction\":[{\"@type\":\"ReadAction\",\"target\":[\"https:\\\/\\\/www.master.it\\\/fr\\\/cookie-policy\\\/\"]}]},{\"@type\":\"BreadcrumbList\",\"@id\":\"https:\\\/\\\/www.master.it\\\/fr\\\/cookie-policy\\\/#breadcrumb\",\"itemListElement\":[{\"@type\":\"ListItem\",\"position\":1,\"name\":\"Home\",\"item\":\"https:\\\/\\\/www.master.it\\\/fr\\\/\"},{\"@type\":\"ListItem\",\"position\":2,\"name\":\"Cookie Policy\"}]},{\"@type\":\"WebSite\",\"@id\":\"https:\\\/\\\/www.master.it\\\/fr\\\/#website\",\"url\":\"https:\\\/\\\/www.master.it\\\/fr\\\/\",\"name\":\"Master\",\"description\":\"\",\"publisher\":{\"@id\":\"https:\\\/\\\/www.master.it\\\/fr\\\/#organization\"},\"potentialAction\":[{\"@type\":\"SearchAction\",\"target\":{\"@type\":\"EntryPoint\",\"urlTemplate\":\"https:\\\/\\\/www.master.it\\\/fr\\\/?s={search_term_string}\"},\"query-input\":{\"@type\":\"PropertyValueSpecification\",\"valueRequired\":true,\"valueName\":\"search_term_string\"}}],\"inLanguage\":\"fr-FR\"},{\"@type\":\"Organization\",\"@id\":\"https:\\\/\\\/www.master.it\\\/fr\\\/#organization\",\"name\":\"Master\",\"url\":\"https:\\\/\\\/www.master.it\\\/fr\\\/\",\"logo\":{\"@type\":\"ImageObject\",\"inLanguage\":\"fr-FR\",\"@id\":\"https:\\\/\\\/www.master.it\\\/fr\\\/#\\\/schema\\\/logo\\\/image\\\/\",\"url\":\"https:\\\/\\\/www.master.it\\\/wp-content\\\/uploads\\\/2022\\\/04\\\/Logo_master.png\",\"contentUrl\":\"https:\\\/\\\/www.master.it\\\/wp-content\\\/uploads\\\/2022\\\/04\\\/Logo_master.png\",\"width\":552,\"height\":85,\"caption\":\"Master\"},\"image\":{\"@id\":\"https:\\\/\\\/www.master.it\\\/fr\\\/#\\\/schema\\\/logo\\\/image\\\/\"}}]}<\/script>\n<!-- \/ Yoast SEO plugin. -->","yoast_head_json":{"title":"Cookie Policy - Master","robots":{"index":"index","follow":"follow","max-snippet":"max-snippet:-1","max-image-preview":"max-image-preview:large","max-video-preview":"max-video-preview:-1"},"canonical":"https:\/\/www.master.it\/fr\/cookie-policy\/","og_locale":"fr_FR","og_type":"article","og_title":"Cookie Policy - Master","og_description":"Notre site contient des cookies Les cookies sont des fragments d&rsquo;informations cr\u00e9\u00e9s par un serveur et stock\u00e9s sur le disque dur du PC ou d&rsquo;un autre appareil (smartphone, tablette, ordinateur portable, etc.) qui sont utiles pour am\u00e9liorer l&rsquo;exp\u00e9rience de navigation au sein du site et fournir un meilleur service au utilisateur. Ils stockent vos donn\u00e9es&hellip;","og_url":"https:\/\/www.master.it\/fr\/cookie-policy\/","og_site_name":"Master","article_modified_time":"2022-12-22T10:34:25+00:00","og_image":[{"width":552,"height":85,"url":"https:\/\/www.master.it\/wp-content\/uploads\/2022\/04\/Logo_master.png","type":"image\/png"}],"twitter_card":"summary_large_image","twitter_misc":{"Dur\u00e9e de lecture estim\u00e9e":"2 minutes"},"schema":{"@context":"https:\/\/schema.org","@graph":[{"@type":"WebPage","@id":"https:\/\/www.master.it\/fr\/cookie-policy\/","url":"https:\/\/www.master.it\/fr\/cookie-policy\/","name":"Cookie Policy - Master","isPartOf":{"@id":"https:\/\/www.master.it\/fr\/#website"},"datePublished":"2022-06-24T08:54:39+00:00","dateModified":"2022-12-22T10:34:25+00:00","breadcrumb":{"@id":"https:\/\/www.master.it\/fr\/cookie-policy\/#breadcrumb"},"inLanguage":"fr-FR","potentialAction":[{"@type":"ReadAction","target":["https:\/\/www.master.it\/fr\/cookie-policy\/"]}]},{"@type":"BreadcrumbList","@id":"https:\/\/www.master.it\/fr\/cookie-policy\/#breadcrumb","itemListElement":[{"@type":"ListItem","position":1,"name":"Home","item":"https:\/\/www.master.it\/fr\/"},{"@type":"ListItem","position":2,"name":"Cookie Policy"}]},{"@type":"WebSite","@id":"https:\/\/www.master.it\/fr\/#website","url":"https:\/\/www.master.it\/fr\/","name":"Master","description":"","publisher":{"@id":"https:\/\/www.master.it\/fr\/#organization"},"potentialAction":[{"@type":"SearchAction","target":{"@type":"EntryPoint","urlTemplate":"https:\/\/www.master.it\/fr\/?s={search_term_string}"},"query-input":{"@type":"PropertyValueSpecification","valueRequired":true,"valueName":"search_term_string"}}],"inLanguage":"fr-FR"},{"@type":"Organization","@id":"https:\/\/www.master.it\/fr\/#organization","name":"Master","url":"https:\/\/www.master.it\/fr\/","logo":{"@type":"ImageObject","inLanguage":"fr-FR","@id":"https:\/\/www.master.it\/fr\/#\/schema\/logo\/image\/","url":"https:\/\/www.master.it\/wp-content\/uploads\/2022\/04\/Logo_master.png","contentUrl":"https:\/\/www.master.it\/wp-content\/uploads\/2022\/04\/Logo_master.png","width":552,"height":85,"caption":"Master"},"image":{"@id":"https:\/\/www.master.it\/fr\/#\/schema\/logo\/image\/"}}]}},"jetpack_sharing_enabled":true,"_links":{"self":[{"href":"https:\/\/www.master.it\/fr\/wp-json\/wp\/v2\/pages\/103469","targetHints":{"allow":["GET"]}}],"collection":[{"href":"https:\/\/www.master.it\/fr\/wp-json\/wp\/v2\/pages"}],"about":[{"href":"https:\/\/www.master.it\/fr\/wp-json\/wp\/v2\/types\/page"}],"author":[{"embeddable":true,"href":"https:\/\/www.master.it\/fr\/wp-json\/wp\/v2\/users\/1"}],"replies":[{"embeddable":true,"href":"https:\/\/www.master.it\/fr\/wp-json\/wp\/v2\/comments?post=103469"}],"version-history":[{"count":13,"href":"https:\/\/www.master.it\/fr\/wp-json\/wp\/v2\/pages\/103469\/revisions"}],"predecessor-version":[{"id":104682,"href":"https:\/\/www.master.it\/fr\/wp-json\/wp\/v2\/pages\/103469\/revisions\/104682"}],"wp:attachment":[{"href":"https:\/\/www.master.it\/fr\/wp-json\/wp\/v2\/media?parent=103469"}],"curies":[{"name":"wp","href":"https:\/\/api.w.org\/{rel}","templated":true}]}}