{"id":103490,"date":"2022-07-19T11:24:31","date_gmt":"2022-07-19T09:24:31","guid":{"rendered":"https:\/\/master.it\/?page_id=103490"},"modified":"2022-12-22T11:34:24","modified_gmt":"2022-12-22T10:34:24","slug":"conditions-dutilisation","status":"publish","type":"page","link":"https:\/\/www.master.it\/fr\/conditions-dutilisation\/","title":{"rendered":"Conditions d&rsquo;utilisation"},"content":{"rendered":"<h2>Conditions d&rsquo;utilisation du site<\/h2>\n<h3>Objet<\/h3>\n<ol>\n<li>Ce document r\u00e9git l\u2019acc\u00e8s et l\u2019utilisation du site principal de Master Srl Divisione Elettrica, accessible via l\u2019URL principale <a href=\"http:\/\/www.master.it\">www.master.it<\/a> et d&rsquo;autres URL secondaires appartenant \u00e0 Master Srl Divisione Elettrica.<\/li>\n<li>Ce site est la propri\u00e9t\u00e9 de Master Srl Divisione Elettrica (ci-apr\u00e8s d\u00e9nomm\u00e9e \u00ab\u00a0MASTER\u00a0\u00bb) dont le si\u00e8ge social est situ\u00e9 Via Mario Tognato 16, 35042 Este &#8211; PADOUE (ITALIE) &#8211; Code fiscal et Num\u00e9ro de TVA 00764990289 &#8211; Reg. SOC. n. 11845 Tribunal de Padoue.<\/li>\n<li>L\u2019acc\u00e8s au site et son utilisation suppose la lecture, la connaissance et l\u2019acceptation de ces conditions g\u00e9n\u00e9rales d\u2019utilisation.<\/li>\n<\/ol>\n<h3>Modifications des conditions d&rsquo;utilisation<\/h3>\n<ol>\n<li>MASTER se r\u00e9serve le droit de modifier ou de mettre \u00e0 jour, en tout ou en partie, ces conditions g\u00e9n\u00e9rales d\u2019utilisation. Les modifications et mises \u00e0 jour des conditions g\u00e9n\u00e9rales d\u2019utilisation seront contraignantes d\u00e8s leur publication sur le site dans cette m\u00eame section. L\u2019acc\u00e8s et l\u2019utilisation du site supposent l\u2019acceptation par l&rsquo;utilisateur des pr\u00e9sentes conditions d\u2019utilisation.<\/li>\n<\/ol>\n<h3>Propri\u00e9t\u00e9 intellectuelle des contenus<\/h3>\n<ol>\n<li>Les contenus pr\u00e9sents sur le site, tels que, \u00e0 titre d&rsquo;exemple, la marque Master et Master Living Technology, les marques de produits, les textes, les fiches techniques, les illustrations, les photographies, les vid\u00e9os, les documents, les logos et tout autre mat\u00e9riel, dans n&rsquo;importe quel format, publi\u00e9 sur le site, y compris les menus, les pages web, les graphiques, les couleurs, les sch\u00e9mas, les outils, les polices et la conception du site, les diagrammes, les mises en page, les m\u00e9thodes, les processus, les fonctions et les logiciels qui font partie du site, <strong>sont prot\u00e9g\u00e9s par le droit d\u2019auteur et par tout autre droit de propri\u00e9t\u00e9 intellectuelle de MASTER ou de tout tiers contractualis\u00e9 par le m\u00eame<\/strong>. Il est interdit de reproduire, en tout ou en partie, sous quelque forme que ce soit, le site et son contenu, sans le consentement \u00e9crit de MASTER.<\/li>\n<li>L\u2019utilisateur est uniquement autoris\u00e9 \u00e0 visualiser le site et son contenu en utilisant les services qui y sont disponibles. En outre, l&rsquo;utilisateur est autoris\u00e9 \u00e0 effectuer tous les autres actes de reproduction temporaires, sans importance \u00e9conomique propre, qui sont consid\u00e9r\u00e9s comme transitoires ou accessoires, partie int\u00e9grante et essentielle de la m\u00eame visualisation et de l&rsquo;utilisation du site et de son contenu et toutes les autres op\u00e9rations de navigation sur le site qui ne sont effectu\u00e9es que pour un usage l\u00e9gitime de celui-ci.<\/li>\n<li>L\u2019utilisateur n&rsquo;est en aucun cas autoris\u00e9 \u00e0 effectuer une reproduction, sur quelque support que ce soit, de tout ou partie du site et de son contenu. Tout acte de reproduction devra \u00eatre, de temps \u00e0 autre, autoris\u00e9 par Master Srl Divisione Elettrica ou, le cas \u00e9ch\u00e9ant, par les auteurs des \u0153uvres individuelles contenues sur le site. Les demandes d&rsquo;utilisation du logo et du mat\u00e9riel doivent \u00eatre adress\u00e9es au bureau de marketing de MASTER, \u00e0 l\u2019adresse <a href=\"mailto:webmaster@master.it\">webmaster@master.it<\/a><\/li>\n<li>La reproduction de textes et de mat\u00e9riaux doit en tout \u00e9tat de cause \u00eatre effectu\u00e9e \u00e0 des fins licites et dans le respect du droit d\u2019auteur et des autres droits de propri\u00e9t\u00e9 intellectuelle et des auteurs des \u0153uvres individuelles contenues sur le site. Les mat\u00e9riels reproduits devront obligatoirement contribuer \u00e0 fournir une information correcte et coh\u00e9rente avec ce qui est exprim\u00e9 par MASTER. L\u2019utilisation des logos doit toujours pr\u00e9senter le concessionnaire comme revendeur autoris\u00e9, installateur ou agent de vente des produits Master, sans possibilit\u00e9 de malentendu sur l&rsquo;identit\u00e9 du MASTER.<\/li>\n<li>Les titulaires tiers du droit d\u2019auteur des photos, images, vid\u00e9os et marques \u00e9ventuellement publi\u00e9es sur le site MASTER peuvent demander des informations \u00e0 l\u2019adresse <a href=\"mailto:webmaster@master.it\">webmaster@master.it<\/a><\/li>\n<\/ol>\n<h3>Utilisation du site et responsabilit\u00e9 de l&rsquo;utilisateur<\/h3>\n<ol>\n<li>L\u2019utilisateur est personnellement responsable de l\u2019utilisation du site et de son contenu. MASTER en effet ne pourra \u00eatre tenu responsable de l&rsquo;utilisation non conforme aux normes l\u00e9gales en vigueur, du site web et des contenus de la part de chacun de ses utilisateurs, sauf la responsabilit\u00e9 pour dol et n\u00e9gligence grave. En particulier, l\u2019utilisateur sera le seul et unique responsable de la communication d&rsquo;informations et de donn\u00e9es incorrectes, fausses ou relatives \u00e0 des tiers, sans que ceux-ci aient exprim\u00e9 leur consentement, ainsi qu&rsquo;en consid\u00e9ration d&rsquo;une utilisation incorrecte de celles-ci.<\/li>\n<li>Tout mat\u00e9riel t\u00e9l\u00e9charg\u00e9 ou autrement obtenu par l\u2019utilisation du service est \u00e0 votre choix et \u00e0 vos risques et p\u00e9rils, de sorte que toute responsabilit\u00e9 en cas de dommages aux syst\u00e8mes informatiques ou de perte de donn\u00e9es r\u00e9sultant des op\u00e9rations de t\u00e9l\u00e9chargement incombe \u00e0 l&rsquo;utilisateur et ne peut \u00eatre imput\u00e9e \u00e0 MASTER.<\/li>\n<li>MASTER d\u00e9cline toute responsabilit\u00e9 pour tout dommage r\u00e9sultant de l&rsquo;inaccessibilit\u00e9 aux services pr\u00e9sents sur le site ou de tout dommage caus\u00e9 par des virus, des fichiers endommag\u00e9s, des erreurs, des omissions, des interruptions de service, des suppressions de contenus, des probl\u00e8mes li\u00e9s au r\u00e9seau, aux fournisseurs ou \u00e0 des connexions t\u00e9l\u00e9phoniques et\/ou t\u00e9l\u00e9matiques, \u00e0 des acc\u00e8s non autoris\u00e9s, \u00e0 des alt\u00e9rations de donn\u00e9es, \u00e0 la d\u00e9faillance et\/ou au mauvais fonctionnement des \u00e9quipements \u00e9lectroniques de l&rsquo;utilisateur.<\/li>\n<li>L\u2019utilisateur est responsable de la conservation et de l&rsquo;utilisation correcte de ses informations personnelles, y compris les informations d&rsquo;identification qui permettent d&rsquo;acc\u00e9der \u00e0 l&rsquo;espace r\u00e9serv\u00e9 du site master.it et des autres sites de MASTER qui ont utilis\u00e9 les m\u00eames m\u00e9thodes d&rsquo;acc\u00e8s. L\u2019utilisateur est \u00e9galement responsable de toute cons\u00e9quence dommageable ou pr\u00e9judice qui pourrait d\u00e9couler de l&rsquo;utilisation incorrecte, de la perte, de la soustraction de ces informations par MASTER ou par des tiers.<\/li>\n<li>MASTER a pris toutes les mesures raisonnables pour emp\u00eacher la publication sur le site de contenus et d&rsquo;images qui pourraient \u00eatre consid\u00e9r\u00e9s comme portant atteinte \u00e0 la dignit\u00e9, aux droits de l&rsquo;homme et \u00e0 la dignit\u00e9 des personnes, sous toutes les formes et expressions possibles. Si le contenu susmentionn\u00e9 est consid\u00e9r\u00e9 comme portant atteinte \u00e0 la sensibilit\u00e9 religieuse ou \u00e9thique ou \u00e0 la d\u00e9cence, l\u2019utilisateur concern\u00e9 est pri\u00e9 de communiquer cette condition \u00e0 MASTER. Nous vous informons toutefois que tout acc\u00e8s aux contenus consid\u00e9r\u00e9s comme pr\u00e9judiciables ou offensants se fait de la part de l&rsquo;utilisateur \u00e0 sa seule discr\u00e9tion et \u00e0 sa seule et personnelle responsabilit\u00e9.<\/li>\n<li>MASTER a pris toutes les pr\u00e9cautions utiles pour que toutes les informations pr\u00e9sentes sur le site soient correctes, compl\u00e8tes et \u00e0 jour, mais Master n&rsquo;assume aucune responsabilit\u00e9 envers les utilisateurs quant \u00e0 l\u2019exactitude et \u00e0 l&rsquo;exhaustivit\u00e9 des contenus publi\u00e9s sur le site, sauf disposition contraire de la loi. Si un utilisateur rencontre des erreurs ou des mises \u00e0 jour manquantes des informations pr\u00e9sentes sur le site, il est pri\u00e9 de le communiquer \u00e0 MASTER en utilisant la bo\u00eete e-mail\u00a0: webmaster@master.it<\/li>\n<\/ol>\n<h3>Exclusion de responsabilit\u00e9<\/h3>\n<ol>\n<li>MASTER assure avec la plus grande diligence l&rsquo;entretien et la maintenance du site et de son contenu, mais n&rsquo;assume aucune responsabilit\u00e9 quant \u00e0 l&rsquo;exactitude, l&rsquo;exhaustivit\u00e9 et l&rsquo;actualit\u00e9 des donn\u00e9es et informations fournies sur le site ou sur les sites qui lui sont li\u00e9s. Par cons\u00e9quent, toute responsabilit\u00e9 pour les erreurs ou omissions r\u00e9sultant de l&rsquo;utilisation des donn\u00e9es et des informations sur le site doit \u00eatre exclue.<\/li>\n<li>MASTER d\u00e9cline toute responsabilit\u00e9, y compris la pr\u00e9sence d&rsquo;erreurs, la correction d&rsquo;erreurs, la responsabilit\u00e9 du serveur h\u00e9bergeant le site\u00a0; il n&rsquo;est pas non plus responsable de l&rsquo;utilisation des informations contenues, de leur exactitude et de leur fiabilit\u00e9. En aucun cas, y compris la n\u00e9gligence, MASTER ne sera responsable de tout dommage direct ou indirect pouvant r\u00e9sulter de l&rsquo;utilisation, ou de l&rsquo;incapacit\u00e9 d&rsquo;utiliser, les mat\u00e9riaux pr\u00e9sents sur le site.<\/li>\n<\/ol>\n<h3>Liens vers d&rsquo;autres sites<\/h3>\n<ol>\n<li>Le site peut contenir des liens hypertextes vers d&rsquo;autres sites Web qui n&rsquo;ont aucun lien avec le m\u00eame. MASTER ne contr\u00f4le ni ne surveille ces sites Web et ne garantit donc en aucune fa\u00e7on leur contenu ni la gestion des donn\u00e9es. L\u2019utilisateur devra donc lire attentivement les conditions d\u2019utilisation des sites tiers visit\u00e9s et les politiques de confidentialit\u00e9 correspondantes.<\/li>\n<\/ol>\n<h3>Liens depuis d&rsquo;autres pages Web<\/h3>\n<ol>\n<li>Ce site peut \u00e9galement \u00eatre atteint par des sites tiers o\u00f9 il y aura un lien ou une banni\u00e8re pour acc\u00e9der au site PRINCIPAL, ou aux pages, images, documents et autres mat\u00e9riaux de celui-ci.<\/li>\n<li>L\u2019activation de liens vers des sites tiers vers ce site est possible tant qu&rsquo;elle n&rsquo;est pas contraire aux pr\u00e9sentes conditions d\u2019utilisation.<\/li>\n<li>L\u2019activation de liens non autoris\u00e9s l\u00e9gitimera MASTER \u00e0 agir pour la d\u00e9sactivation imm\u00e9diate des liens ill\u00e9gitimes et pour la reconnaissance \u00e9ventuelle de la pratique commerciale relative ou de la concurrence d\u00e9loyale ou action au d\u00e9triment de la bonne r\u00e9putation et de la notori\u00e9t\u00e9 de MASTER, de ses services, du personnel et des soci\u00e9t\u00e9s du m\u00eame groupe. En tout \u00e9tat de cause, l\u2019activation de liens hypertextes profonds (tels que deep frames ou deep links) vers le Site ou l\u2019utilisation non autoris\u00e9e de meta-tags est interdite.<\/li>\n<\/ol>\n<h3>Restrictions \u00e0 la prestation du service<\/h3>\n<ol>\n<li>MASTER ne pourra \u00eatre tenu responsable des dommages r\u00e9sultant de la non prestation du service en raison du mauvais fonctionnement des moyens \u00e9lectroniques de communication pour des raisons \u00e9trang\u00e8res \u00e0 la sph\u00e8re de son contr\u00f4le pr\u00e9visible. \u00c0 titre d&rsquo;exemple, mais sans s&rsquo;y limiter, le dysfonctionnement des serveurs et autres dispositifs \u00e9lectroniques, m\u00eame ne faisant pas partie int\u00e9grante du r\u00e9seau Internet, le dysfonctionnement des logiciels install\u00e9s, les virus informatiques sur la pr\u00e9sence \u00e9ventuelle de virus ou d&rsquo;autres composants informatiques nocifs et nuisibles, ainsi que par des actions de pirates ou d&rsquo;autres utilisateurs ayant acc\u00e8s au r\u00e9seau. L&rsquo;Utilisateur s&rsquo;engage donc \u00e0 d\u00e9gager et \u00e0 d\u00e9gager MASTER de toute responsabilit\u00e9 ou demande \u00e0 cet \u00e9gard.<\/li>\n<\/ol>\n<h3>Traitement des donn\u00e9es<\/h3>\n<ol>\n<li>Les donn\u00e9es de l&rsquo;utilisateur sont trait\u00e9es conform\u00e9ment aux dispositions de la l\u00e9gislation sur la protection des donn\u00e9es personnelles, comme sp\u00e9cifi\u00e9 dans la section appropri\u00e9e contenant la note d&rsquo;information conform\u00e9ment \u00e0 l&rsquo;art. 13 R\u00e8glement UE 2016\/679 (Politique de confidentialit\u00e9). Pour plus d&rsquo;informations, consultez la politique de confidentialit\u00e9 du site au lien\u00a0: <a href=\"\/fr\/privacy-policy\/\">https:\/\/www.master.it\/fr\/privacy-policy\/<\/a><\/li>\n<\/ol>\n<h3>Clause de sauvegarde<\/h3>\n<ol>\n<li>Dans l&rsquo;hypoth\u00e8se o\u00f9 l&rsquo;une des clauses des pr\u00e9sentes conditions g\u00e9n\u00e9rales d\u2019utilisation serait nulle pour quelque raison que ce soit, cela ne compromettrait en aucun cas la validit\u00e9 et le respect des autres dispositions figurant dans les pr\u00e9sentes conditions g\u00e9n\u00e9rales d\u2019utilisation.<\/li>\n<\/ol>\n<h3>Conditions commerciales, loi applicable et litiges<\/h3>\n<ol>\n<li>Les relations commerciales et contractuelles entre MASTER et ses clients sont r\u00e9gies par les \u00ab\u00a0Conditions G\u00e9n\u00e9rales de Vente\u00a0\u00bb sp\u00e9cifi\u00e9es sur chaque Liste de Prix G\u00e9n\u00e9rale de Vente, ou par des conditions sp\u00e9ciales convenues et sign\u00e9es avec le client.<\/li>\n<li>Les pr\u00e9sentes conditions g\u00e9n\u00e9rales d\u2019utilisation du site MASTER sont r\u00e9gies par le droit italien et interpr\u00e9t\u00e9es en fonction de celui-ci, quel que soit le pays de r\u00e9sidence ou de s\u00e9jour de l&rsquo;utilisateur. Le tribunal comp\u00e9tent pour tout litige concernant l\u2019utilisation du site et les pr\u00e9sentes conditions d\u2019utilisation est celui de Padoue, quel que soit le pays de livraison des produits.<\/li>\n<\/ol>\n<h3>Coordonn\u00e9es de contact<\/h3>\n<ol>\n<li>Toute demande d&rsquo;information peut \u00eatre envoy\u00e9e par courrier \u00e9lectronique \u00e0 l&rsquo;adresse <a href=\"mailto:webmaster@master.it\">webmaster@master.it<\/a> et par courrier \u00e0 l&rsquo;adresse suivante : Master Srl Divisione Elettrica, Via Mario Tognato 16, 35042 Este (Padoue), Italie.<\/li>\n<\/ol>\n<p>Les pr\u00e9sentes conditions ont \u00e9t\u00e9 r\u00e9dig\u00e9es le 01\/07\/2022.<\/p>\n<p>&nbsp;<\/p>\n","protected":false},"excerpt":{"rendered":"<p>Conditions d&rsquo;utilisation du site Objet Ce document r\u00e9git l\u2019acc\u00e8s et l\u2019utilisation du site principal de Master Srl Divisione Elettrica, accessible via l\u2019URL principale www.master.it et d&rsquo;autres URL secondaires appartenant \u00e0 Master Srl Divisione Elettrica. Ce site est la propri\u00e9t\u00e9 de Master Srl Divisione Elettrica (ci-apr\u00e8s d\u00e9nomm\u00e9e \u00ab\u00a0MASTER\u00a0\u00bb) dont le si\u00e8ge social est situ\u00e9 Via Mario&hellip;<\/p>\n","protected":false},"author":11,"featured_media":103498,"parent":0,"menu_order":0,"comment_status":"closed","ping_status":"closed","template":"","meta":{"_acf_changed":false,"footnotes":""},"class_list":["post-103490","page","type-page","status-publish","has-post-thumbnail","hentry","description-off"],"acf":[],"yoast_head":"<!-- This site is optimized with the Yoast SEO plugin v27.3 - https:\/\/yoast.com\/product\/yoast-seo-wordpress\/ -->\n<title>Conditions d&#039;utilisation - Master<\/title>\n<meta name=\"robots\" content=\"index, follow, max-snippet:-1, max-image-preview:large, max-video-preview:-1\" \/>\n<link rel=\"canonical\" href=\"https:\/\/www.master.it\/fr\/conditions-dutilisation\/\" \/>\n<meta property=\"og:locale\" content=\"fr_FR\" \/>\n<meta property=\"og:type\" content=\"article\" \/>\n<meta property=\"og:title\" content=\"Conditions d&#039;utilisation - Master\" \/>\n<meta property=\"og:description\" content=\"Conditions d&rsquo;utilisation du site Objet Ce document r\u00e9git l\u2019acc\u00e8s et l\u2019utilisation du site principal de Master Srl Divisione Elettrica, accessible via l\u2019URL principale www.master.it et d&rsquo;autres URL secondaires appartenant \u00e0 Master Srl Divisione Elettrica. Ce site est la propri\u00e9t\u00e9 de Master Srl Divisione Elettrica (ci-apr\u00e8s d\u00e9nomm\u00e9e \u00ab\u00a0MASTER\u00a0\u00bb) dont le si\u00e8ge social est situ\u00e9 Via Mario&hellip;\" \/>\n<meta property=\"og:url\" content=\"https:\/\/www.master.it\/fr\/conditions-dutilisation\/\" \/>\n<meta property=\"og:site_name\" content=\"Master\" \/>\n<meta property=\"article:modified_time\" content=\"2022-12-22T10:34:24+00:00\" \/>\n<meta property=\"og:image\" content=\"https:\/\/www.master.it\/wp-content\/uploads\/2022\/07\/Condizioni-sito.jpg\" \/>\n\t<meta property=\"og:image:width\" content=\"1624\" \/>\n\t<meta property=\"og:image:height\" content=\"1080\" \/>\n\t<meta property=\"og:image:type\" content=\"image\/jpeg\" \/>\n<meta name=\"twitter:card\" content=\"summary_large_image\" \/>\n<meta name=\"twitter:label1\" content=\"Dur\u00e9e de lecture estim\u00e9e\" \/>\n\t<meta name=\"twitter:data1\" content=\"10 minutes\" \/>\n<script type=\"application\/ld+json\" class=\"yoast-schema-graph\">{\"@context\":\"https:\\\/\\\/schema.org\",\"@graph\":[{\"@type\":\"WebPage\",\"@id\":\"https:\\\/\\\/www.master.it\\\/fr\\\/conditions-dutilisation\\\/\",\"url\":\"https:\\\/\\\/www.master.it\\\/fr\\\/conditions-dutilisation\\\/\",\"name\":\"Conditions d'utilisation - Master\",\"isPartOf\":{\"@id\":\"https:\\\/\\\/www.master.it\\\/fr\\\/#website\"},\"primaryImageOfPage\":{\"@id\":\"https:\\\/\\\/www.master.it\\\/fr\\\/conditions-dutilisation\\\/#primaryimage\"},\"image\":{\"@id\":\"https:\\\/\\\/www.master.it\\\/fr\\\/conditions-dutilisation\\\/#primaryimage\"},\"thumbnailUrl\":\"https:\\\/\\\/www.master.it\\\/wp-content\\\/uploads\\\/2022\\\/07\\\/Condizioni-sito.jpg\",\"datePublished\":\"2022-07-19T09:24:31+00:00\",\"dateModified\":\"2022-12-22T10:34:24+00:00\",\"breadcrumb\":{\"@id\":\"https:\\\/\\\/www.master.it\\\/fr\\\/conditions-dutilisation\\\/#breadcrumb\"},\"inLanguage\":\"fr-FR\",\"potentialAction\":[{\"@type\":\"ReadAction\",\"target\":[\"https:\\\/\\\/www.master.it\\\/fr\\\/conditions-dutilisation\\\/\"]}]},{\"@type\":\"ImageObject\",\"inLanguage\":\"fr-FR\",\"@id\":\"https:\\\/\\\/www.master.it\\\/fr\\\/conditions-dutilisation\\\/#primaryimage\",\"url\":\"https:\\\/\\\/www.master.it\\\/wp-content\\\/uploads\\\/2022\\\/07\\\/Condizioni-sito.jpg\",\"contentUrl\":\"https:\\\/\\\/www.master.it\\\/wp-content\\\/uploads\\\/2022\\\/07\\\/Condizioni-sito.jpg\",\"width\":1624,\"height\":1080},{\"@type\":\"BreadcrumbList\",\"@id\":\"https:\\\/\\\/www.master.it\\\/fr\\\/conditions-dutilisation\\\/#breadcrumb\",\"itemListElement\":[{\"@type\":\"ListItem\",\"position\":1,\"name\":\"Home\",\"item\":\"https:\\\/\\\/www.master.it\\\/fr\\\/\"},{\"@type\":\"ListItem\",\"position\":2,\"name\":\"Conditions d&#8217;utilisation\"}]},{\"@type\":\"WebSite\",\"@id\":\"https:\\\/\\\/www.master.it\\\/fr\\\/#website\",\"url\":\"https:\\\/\\\/www.master.it\\\/fr\\\/\",\"name\":\"Master\",\"description\":\"\",\"publisher\":{\"@id\":\"https:\\\/\\\/www.master.it\\\/fr\\\/#organization\"},\"potentialAction\":[{\"@type\":\"SearchAction\",\"target\":{\"@type\":\"EntryPoint\",\"urlTemplate\":\"https:\\\/\\\/www.master.it\\\/fr\\\/?s={search_term_string}\"},\"query-input\":{\"@type\":\"PropertyValueSpecification\",\"valueRequired\":true,\"valueName\":\"search_term_string\"}}],\"inLanguage\":\"fr-FR\"},{\"@type\":\"Organization\",\"@id\":\"https:\\\/\\\/www.master.it\\\/fr\\\/#organization\",\"name\":\"Master\",\"url\":\"https:\\\/\\\/www.master.it\\\/fr\\\/\",\"logo\":{\"@type\":\"ImageObject\",\"inLanguage\":\"fr-FR\",\"@id\":\"https:\\\/\\\/www.master.it\\\/fr\\\/#\\\/schema\\\/logo\\\/image\\\/\",\"url\":\"https:\\\/\\\/www.master.it\\\/wp-content\\\/uploads\\\/2022\\\/04\\\/Logo_master.png\",\"contentUrl\":\"https:\\\/\\\/www.master.it\\\/wp-content\\\/uploads\\\/2022\\\/04\\\/Logo_master.png\",\"width\":552,\"height\":85,\"caption\":\"Master\"},\"image\":{\"@id\":\"https:\\\/\\\/www.master.it\\\/fr\\\/#\\\/schema\\\/logo\\\/image\\\/\"}}]}<\/script>\n<!-- \/ Yoast SEO plugin. -->","yoast_head_json":{"title":"Conditions d'utilisation - Master","robots":{"index":"index","follow":"follow","max-snippet":"max-snippet:-1","max-image-preview":"max-image-preview:large","max-video-preview":"max-video-preview:-1"},"canonical":"https:\/\/www.master.it\/fr\/conditions-dutilisation\/","og_locale":"fr_FR","og_type":"article","og_title":"Conditions d'utilisation - Master","og_description":"Conditions d&rsquo;utilisation du site Objet Ce document r\u00e9git l\u2019acc\u00e8s et l\u2019utilisation du site principal de Master Srl Divisione Elettrica, accessible via l\u2019URL principale www.master.it et d&rsquo;autres URL secondaires appartenant \u00e0 Master Srl Divisione Elettrica. Ce site est la propri\u00e9t\u00e9 de Master Srl Divisione Elettrica (ci-apr\u00e8s d\u00e9nomm\u00e9e \u00ab\u00a0MASTER\u00a0\u00bb) dont le si\u00e8ge social est situ\u00e9 Via Mario&hellip;","og_url":"https:\/\/www.master.it\/fr\/conditions-dutilisation\/","og_site_name":"Master","article_modified_time":"2022-12-22T10:34:24+00:00","og_image":[{"width":1624,"height":1080,"url":"https:\/\/www.master.it\/wp-content\/uploads\/2022\/07\/Condizioni-sito.jpg","type":"image\/jpeg"}],"twitter_card":"summary_large_image","twitter_misc":{"Dur\u00e9e de lecture estim\u00e9e":"10 minutes"},"schema":{"@context":"https:\/\/schema.org","@graph":[{"@type":"WebPage","@id":"https:\/\/www.master.it\/fr\/conditions-dutilisation\/","url":"https:\/\/www.master.it\/fr\/conditions-dutilisation\/","name":"Conditions d'utilisation - Master","isPartOf":{"@id":"https:\/\/www.master.it\/fr\/#website"},"primaryImageOfPage":{"@id":"https:\/\/www.master.it\/fr\/conditions-dutilisation\/#primaryimage"},"image":{"@id":"https:\/\/www.master.it\/fr\/conditions-dutilisation\/#primaryimage"},"thumbnailUrl":"https:\/\/www.master.it\/wp-content\/uploads\/2022\/07\/Condizioni-sito.jpg","datePublished":"2022-07-19T09:24:31+00:00","dateModified":"2022-12-22T10:34:24+00:00","breadcrumb":{"@id":"https:\/\/www.master.it\/fr\/conditions-dutilisation\/#breadcrumb"},"inLanguage":"fr-FR","potentialAction":[{"@type":"ReadAction","target":["https:\/\/www.master.it\/fr\/conditions-dutilisation\/"]}]},{"@type":"ImageObject","inLanguage":"fr-FR","@id":"https:\/\/www.master.it\/fr\/conditions-dutilisation\/#primaryimage","url":"https:\/\/www.master.it\/wp-content\/uploads\/2022\/07\/Condizioni-sito.jpg","contentUrl":"https:\/\/www.master.it\/wp-content\/uploads\/2022\/07\/Condizioni-sito.jpg","width":1624,"height":1080},{"@type":"BreadcrumbList","@id":"https:\/\/www.master.it\/fr\/conditions-dutilisation\/#breadcrumb","itemListElement":[{"@type":"ListItem","position":1,"name":"Home","item":"https:\/\/www.master.it\/fr\/"},{"@type":"ListItem","position":2,"name":"Conditions d&#8217;utilisation"}]},{"@type":"WebSite","@id":"https:\/\/www.master.it\/fr\/#website","url":"https:\/\/www.master.it\/fr\/","name":"Master","description":"","publisher":{"@id":"https:\/\/www.master.it\/fr\/#organization"},"potentialAction":[{"@type":"SearchAction","target":{"@type":"EntryPoint","urlTemplate":"https:\/\/www.master.it\/fr\/?s={search_term_string}"},"query-input":{"@type":"PropertyValueSpecification","valueRequired":true,"valueName":"search_term_string"}}],"inLanguage":"fr-FR"},{"@type":"Organization","@id":"https:\/\/www.master.it\/fr\/#organization","name":"Master","url":"https:\/\/www.master.it\/fr\/","logo":{"@type":"ImageObject","inLanguage":"fr-FR","@id":"https:\/\/www.master.it\/fr\/#\/schema\/logo\/image\/","url":"https:\/\/www.master.it\/wp-content\/uploads\/2022\/04\/Logo_master.png","contentUrl":"https:\/\/www.master.it\/wp-content\/uploads\/2022\/04\/Logo_master.png","width":552,"height":85,"caption":"Master"},"image":{"@id":"https:\/\/www.master.it\/fr\/#\/schema\/logo\/image\/"}}]}},"jetpack_sharing_enabled":true,"_links":{"self":[{"href":"https:\/\/www.master.it\/fr\/wp-json\/wp\/v2\/pages\/103490","targetHints":{"allow":["GET"]}}],"collection":[{"href":"https:\/\/www.master.it\/fr\/wp-json\/wp\/v2\/pages"}],"about":[{"href":"https:\/\/www.master.it\/fr\/wp-json\/wp\/v2\/types\/page"}],"author":[{"embeddable":true,"href":"https:\/\/www.master.it\/fr\/wp-json\/wp\/v2\/users\/11"}],"replies":[{"embeddable":true,"href":"https:\/\/www.master.it\/fr\/wp-json\/wp\/v2\/comments?post=103490"}],"version-history":[{"count":2,"href":"https:\/\/www.master.it\/fr\/wp-json\/wp\/v2\/pages\/103490\/revisions"}],"predecessor-version":[{"id":103497,"href":"https:\/\/www.master.it\/fr\/wp-json\/wp\/v2\/pages\/103490\/revisions\/103497"}],"wp:featuredmedia":[{"embeddable":true,"href":"https:\/\/www.master.it\/fr\/wp-json\/wp\/v2\/media\/103498"}],"wp:attachment":[{"href":"https:\/\/www.master.it\/fr\/wp-json\/wp\/v2\/media?parent=103490"}],"curies":[{"name":"wp","href":"https:\/\/api.w.org\/{rel}","templated":true}]}}