{"id":110037,"date":"2022-12-01T16:32:35","date_gmt":"2022-12-01T15:32:35","guid":{"rendered":"https:\/\/www.master.it\/prodotto\/md205-fr\/"},"modified":"2023-12-31T01:19:01","modified_gmt":"2023-12-31T00:19:01","slug":"md205-fr","status":"publish","type":"product","link":"https:\/\/www.master.it\/fr\/prodotto\/md205-fr\/","title":{"rendered":"Plaque Mod\u00ec 5 modules, Noir"},"content":{"rendered":"<p>Plaque pour S\u00e9rie Mod\u00ec 1600, 5 modules, Noir<\/p>\n","protected":false},"excerpt":{"rendered":"<p>Plaque pour S\u00e9rie Mod\u00ec 1600, 5 modules, Noir<\/p>\n","protected":false},"featured_media":0,"template":"","meta":{"_acf_changed":false},"product_brand":[],"product_cat":[22093],"product_tag":[18956,18808],"class_list":{"0":"post-110037","1":"product","2":"type-product","3":"status-publish","5":"product_cat-cm-s-rie-mod-fr","6":"product_tag-26-plaque-pour-interrupteurs-fr","7":"product_tag-1-serie-1600-fr","8":"description-off","10":"first","11":"instock","12":"shipping-taxable","13":"product-type-simple"},"acf":[],"yoast_head":"<!-- This site is optimized with the Yoast SEO plugin v27.3 - https:\/\/yoast.com\/product\/yoast-seo-wordpress\/ -->\n<title>Plaque Mod\u00ec 5 modules, Noir - Master<\/title>\n<meta name=\"robots\" content=\"index, follow, max-snippet:-1, max-image-preview:large, max-video-preview:-1\" \/>\n<link rel=\"canonical\" href=\"https:\/\/www.master.it\/fr\/prodotto\/md205-fr\/\" \/>\n<meta property=\"og:locale\" content=\"fr_FR\" \/>\n<meta property=\"og:type\" content=\"article\" \/>\n<meta property=\"og:title\" content=\"Plaque Mod\u00ec 5 modules, Noir - Master\" \/>\n<meta property=\"og:description\" content=\"Plaque pour S\u00e9rie Mod\u00ec 1600, 5 modules, Noir\" \/>\n<meta property=\"og:url\" content=\"https:\/\/www.master.it\/fr\/prodotto\/md205-fr\/\" \/>\n<meta property=\"og:site_name\" content=\"Master\" \/>\n<meta property=\"article:modified_time\" content=\"2023-12-31T00:19:01+00:00\" \/>\n<meta property=\"og:image\" content=\"https:\/\/www.master.it\/wp-content\/uploads\/2022\/04\/Logo_master.png\" \/>\n\t<meta property=\"og:image:width\" content=\"552\" \/>\n\t<meta property=\"og:image:height\" content=\"85\" \/>\n\t<meta property=\"og:image:type\" content=\"image\/png\" \/>\n<meta name=\"twitter:card\" content=\"summary_large_image\" \/>\n<script type=\"application\/ld+json\" class=\"yoast-schema-graph\">{\"@context\":\"https:\\\/\\\/schema.org\",\"@graph\":[{\"@type\":\"WebPage\",\"@id\":\"https:\\\/\\\/www.master.it\\\/fr\\\/prodotto\\\/md205-fr\\\/\",\"url\":\"https:\\\/\\\/www.master.it\\\/fr\\\/prodotto\\\/md205-fr\\\/\",\"name\":\"Plaque Mod\u00ec 5 modules, Noir - Master\",\"isPartOf\":{\"@id\":\"https:\\\/\\\/www.master.it\\\/fr\\\/#website\"},\"datePublished\":\"2022-12-01T15:32:35+00:00\",\"dateModified\":\"2023-12-31T00:19:01+00:00\",\"breadcrumb\":{\"@id\":\"https:\\\/\\\/www.master.it\\\/fr\\\/prodotto\\\/md205-fr\\\/#breadcrumb\"},\"inLanguage\":\"fr-FR\",\"potentialAction\":[{\"@type\":\"ReadAction\",\"target\":[\"https:\\\/\\\/www.master.it\\\/fr\\\/prodotto\\\/md205-fr\\\/\"]}]},{\"@type\":\"BreadcrumbList\",\"@id\":\"https:\\\/\\\/www.master.it\\\/fr\\\/prodotto\\\/md205-fr\\\/#breadcrumb\",\"itemListElement\":[{\"@type\":\"ListItem\",\"position\":1,\"name\":\"Home\",\"item\":\"https:\\\/\\\/www.master.it\\\/fr\\\/\"},{\"@type\":\"ListItem\",\"position\":2,\"name\":\"Shop\",\"item\":\"https:\\\/\\\/www.master.it\\\/fr\\\/shop\\\/\"},{\"@type\":\"ListItem\",\"position\":3,\"name\":\"Plaque Mod\u00ec 5 modules, Noir\"}]},{\"@type\":\"WebSite\",\"@id\":\"https:\\\/\\\/www.master.it\\\/fr\\\/#website\",\"url\":\"https:\\\/\\\/www.master.it\\\/fr\\\/\",\"name\":\"Master\",\"description\":\"\",\"publisher\":{\"@id\":\"https:\\\/\\\/www.master.it\\\/fr\\\/#organization\"},\"potentialAction\":[{\"@type\":\"SearchAction\",\"target\":{\"@type\":\"EntryPoint\",\"urlTemplate\":\"https:\\\/\\\/www.master.it\\\/fr\\\/?s={search_term_string}\"},\"query-input\":{\"@type\":\"PropertyValueSpecification\",\"valueRequired\":true,\"valueName\":\"search_term_string\"}}],\"inLanguage\":\"fr-FR\"},{\"@type\":\"Organization\",\"@id\":\"https:\\\/\\\/www.master.it\\\/fr\\\/#organization\",\"name\":\"Master\",\"url\":\"https:\\\/\\\/www.master.it\\\/fr\\\/\",\"logo\":{\"@type\":\"ImageObject\",\"inLanguage\":\"fr-FR\",\"@id\":\"https:\\\/\\\/www.master.it\\\/fr\\\/#\\\/schema\\\/logo\\\/image\\\/\",\"url\":\"https:\\\/\\\/www.master.it\\\/wp-content\\\/uploads\\\/2022\\\/04\\\/Logo_master.png\",\"contentUrl\":\"https:\\\/\\\/www.master.it\\\/wp-content\\\/uploads\\\/2022\\\/04\\\/Logo_master.png\",\"width\":552,\"height\":85,\"caption\":\"Master\"},\"image\":{\"@id\":\"https:\\\/\\\/www.master.it\\\/fr\\\/#\\\/schema\\\/logo\\\/image\\\/\"}}]}<\/script>\n<!-- \/ Yoast SEO plugin. -->","yoast_head_json":{"title":"Plaque Mod\u00ec 5 modules, Noir - Master","robots":{"index":"index","follow":"follow","max-snippet":"max-snippet:-1","max-image-preview":"max-image-preview:large","max-video-preview":"max-video-preview:-1"},"canonical":"https:\/\/www.master.it\/fr\/prodotto\/md205-fr\/","og_locale":"fr_FR","og_type":"article","og_title":"Plaque Mod\u00ec 5 modules, Noir - Master","og_description":"Plaque pour S\u00e9rie Mod\u00ec 1600, 5 modules, Noir","og_url":"https:\/\/www.master.it\/fr\/prodotto\/md205-fr\/","og_site_name":"Master","article_modified_time":"2023-12-31T00:19:01+00:00","og_image":[{"width":552,"height":85,"url":"https:\/\/www.master.it\/wp-content\/uploads\/2022\/04\/Logo_master.png","type":"image\/png"}],"twitter_card":"summary_large_image","schema":{"@context":"https:\/\/schema.org","@graph":[{"@type":"WebPage","@id":"https:\/\/www.master.it\/fr\/prodotto\/md205-fr\/","url":"https:\/\/www.master.it\/fr\/prodotto\/md205-fr\/","name":"Plaque Mod\u00ec 5 modules, Noir - Master","isPartOf":{"@id":"https:\/\/www.master.it\/fr\/#website"},"datePublished":"2022-12-01T15:32:35+00:00","dateModified":"2023-12-31T00:19:01+00:00","breadcrumb":{"@id":"https:\/\/www.master.it\/fr\/prodotto\/md205-fr\/#breadcrumb"},"inLanguage":"fr-FR","potentialAction":[{"@type":"ReadAction","target":["https:\/\/www.master.it\/fr\/prodotto\/md205-fr\/"]}]},{"@type":"BreadcrumbList","@id":"https:\/\/www.master.it\/fr\/prodotto\/md205-fr\/#breadcrumb","itemListElement":[{"@type":"ListItem","position":1,"name":"Home","item":"https:\/\/www.master.it\/fr\/"},{"@type":"ListItem","position":2,"name":"Shop","item":"https:\/\/www.master.it\/fr\/shop\/"},{"@type":"ListItem","position":3,"name":"Plaque Mod\u00ec 5 modules, Noir"}]},{"@type":"WebSite","@id":"https:\/\/www.master.it\/fr\/#website","url":"https:\/\/www.master.it\/fr\/","name":"Master","description":"","publisher":{"@id":"https:\/\/www.master.it\/fr\/#organization"},"potentialAction":[{"@type":"SearchAction","target":{"@type":"EntryPoint","urlTemplate":"https:\/\/www.master.it\/fr\/?s={search_term_string}"},"query-input":{"@type":"PropertyValueSpecification","valueRequired":true,"valueName":"search_term_string"}}],"inLanguage":"fr-FR"},{"@type":"Organization","@id":"https:\/\/www.master.it\/fr\/#organization","name":"Master","url":"https:\/\/www.master.it\/fr\/","logo":{"@type":"ImageObject","inLanguage":"fr-FR","@id":"https:\/\/www.master.it\/fr\/#\/schema\/logo\/image\/","url":"https:\/\/www.master.it\/wp-content\/uploads\/2022\/04\/Logo_master.png","contentUrl":"https:\/\/www.master.it\/wp-content\/uploads\/2022\/04\/Logo_master.png","width":552,"height":85,"caption":"Master"},"image":{"@id":"https:\/\/www.master.it\/fr\/#\/schema\/logo\/image\/"}}]}},"jetpack_sharing_enabled":true,"_links":{"self":[{"href":"https:\/\/www.master.it\/fr\/wp-json\/wp\/v2\/product\/110037","targetHints":{"allow":["GET"]}}],"collection":[{"href":"https:\/\/www.master.it\/fr\/wp-json\/wp\/v2\/product"}],"about":[{"href":"https:\/\/www.master.it\/fr\/wp-json\/wp\/v2\/types\/product"}],"wp:attachment":[{"href":"https:\/\/www.master.it\/fr\/wp-json\/wp\/v2\/media?parent=110037"}],"wp:term":[{"taxonomy":"product_brand","embeddable":true,"href":"https:\/\/www.master.it\/fr\/wp-json\/wp\/v2\/product_brand?post=110037"},{"taxonomy":"product_cat","embeddable":true,"href":"https:\/\/www.master.it\/fr\/wp-json\/wp\/v2\/product_cat?post=110037"},{"taxonomy":"product_tag","embeddable":true,"href":"https:\/\/www.master.it\/fr\/wp-json\/wp\/v2\/product_tag?post=110037"}],"curies":[{"name":"wp","href":"https:\/\/api.w.org\/{rel}","templated":true}]}}