{"id":131784,"date":"2023-02-25T00:10:53","date_gmt":"2023-02-24T23:10:53","guid":{"rendered":"https:\/\/www.master.it\/prodotto\/hkitz527u-fr\/"},"modified":"2025-08-12T00:06:15","modified_gmt":"2025-08-11T22:06:15","slug":"hkitz527u-fr","status":"publish","type":"product","link":"https:\/\/www.master.it\/fr\/prodotto\/hkitz527u-fr\/","title":{"rendered":"Kit Z-Wave 2 volets +10 lumi\u00e8res+Mim\u00ec 7"},"content":{"rendered":"<p>Kit Z-Wave+ Zoe 5+2 avec Vesta2-ZW, 5 ZoePower pour un total de 10 lignes d&rsquo;actionnement ON\/OFF (automatismes, prises, luminaires), 2 ZoeShutters pour un total de 2 volets roulants (haut\/bas) et \u00e9cran de contr\u00f4le tactile Mim\u00ec 7&Prime;.Fr\u00e9quence 908.4MHz (Etats-Unis, Mexique, Canada, Panama&#8230;). Contient une alimentation 12Vdc 2A et un coupon pour l&rsquo;activation gratuite des commandes vocales Google\/Alexa.Extensible \u00e0 tout moment avec les autres composants du syst\u00e8me UNA Automation, les deux Z-Wave+ et BUS.<\/p>\n","protected":false},"excerpt":{"rendered":"<p>Kit Z-Wave+ Zoe 5+2 avec Vesta2-ZW, 5 ZoePower pour un total de 10 lignes d&rsquo;actionnement ON\/OFF (automatismes, prises, luminaires), 2 ZoeShutters pour un total de 2 volets roulants (haut\/bas) et \u00e9cran de contr\u00f4le tactile Mim\u00ec 7&Prime;.Fr\u00e9quence 908.4MHz (Etats-Unis, Mexique, Canada, Panama&#8230;). Contient une alimentation 12Vdc 2A et un coupon pour l&rsquo;activation gratuite des commandes vocales&hellip;<\/p>\n","protected":false},"featured_media":0,"template":"","meta":{"_acf_changed":false},"product_brand":[],"product_cat":[20905],"product_tag":[18812,18816],"class_list":{"0":"post-131784","1":"product","2":"type-product","3":"status-publish","5":"product_cat-hsk-kit-pr-t-installer-fr","6":"product_tag-2-automatisation-de-la-maison-fr","7":"product_tag-3-maison-intelligente-fr","8":"description-off","10":"first","11":"instock","12":"shipping-taxable","13":"product-type-simple"},"acf":[],"yoast_head":"<!-- This site is optimized with the Yoast SEO plugin v27.3 - https:\/\/yoast.com\/product\/yoast-seo-wordpress\/ -->\n<title>Kit Z-Wave 2 volets +10 lumi\u00e8res+Mim\u00ec 7 - Master<\/title>\n<meta name=\"robots\" content=\"index, follow, max-snippet:-1, max-image-preview:large, max-video-preview:-1\" \/>\n<link rel=\"canonical\" href=\"https:\/\/www.master.it\/fr\/prodotto\/hkitz527u-fr\/\" \/>\n<meta property=\"og:locale\" content=\"fr_FR\" \/>\n<meta property=\"og:type\" content=\"article\" \/>\n<meta property=\"og:title\" content=\"Kit Z-Wave 2 volets +10 lumi\u00e8res+Mim\u00ec 7 - Master\" \/>\n<meta property=\"og:description\" content=\"Kit Z-Wave+ Zoe 5+2 avec Vesta2-ZW, 5 ZoePower pour un total de 10 lignes d&rsquo;actionnement ON\/OFF (automatismes, prises, luminaires), 2 ZoeShutters pour un total de 2 volets roulants (haut\/bas) et \u00e9cran de contr\u00f4le tactile Mim\u00ec 7&Prime;.Fr\u00e9quence 908.4MHz (Etats-Unis, Mexique, Canada, Panama&#8230;). Contient une alimentation 12Vdc 2A et un coupon pour l&rsquo;activation gratuite des commandes vocales&hellip;\" \/>\n<meta property=\"og:url\" content=\"https:\/\/www.master.it\/fr\/prodotto\/hkitz527u-fr\/\" \/>\n<meta property=\"og:site_name\" content=\"Master\" \/>\n<meta property=\"article:modified_time\" content=\"2025-08-11T22:06:15+00:00\" \/>\n<meta property=\"og:image\" content=\"https:\/\/www.master.it\/wp-content\/uploads\/2022\/04\/Logo_master.png\" \/>\n\t<meta property=\"og:image:width\" content=\"552\" \/>\n\t<meta property=\"og:image:height\" content=\"85\" \/>\n\t<meta property=\"og:image:type\" content=\"image\/png\" \/>\n<meta name=\"twitter:card\" content=\"summary_large_image\" \/>\n<script type=\"application\/ld+json\" class=\"yoast-schema-graph\">{\"@context\":\"https:\\\/\\\/schema.org\",\"@graph\":[{\"@type\":\"WebPage\",\"@id\":\"https:\\\/\\\/www.master.it\\\/fr\\\/prodotto\\\/hkitz527u-fr\\\/\",\"url\":\"https:\\\/\\\/www.master.it\\\/fr\\\/prodotto\\\/hkitz527u-fr\\\/\",\"name\":\"Kit Z-Wave 2 volets +10 lumi\u00e8res+Mim\u00ec 7 - Master\",\"isPartOf\":{\"@id\":\"https:\\\/\\\/www.master.it\\\/fr\\\/#website\"},\"datePublished\":\"2023-02-24T23:10:53+00:00\",\"dateModified\":\"2025-08-11T22:06:15+00:00\",\"breadcrumb\":{\"@id\":\"https:\\\/\\\/www.master.it\\\/fr\\\/prodotto\\\/hkitz527u-fr\\\/#breadcrumb\"},\"inLanguage\":\"fr-FR\",\"potentialAction\":[{\"@type\":\"ReadAction\",\"target\":[\"https:\\\/\\\/www.master.it\\\/fr\\\/prodotto\\\/hkitz527u-fr\\\/\"]}]},{\"@type\":\"BreadcrumbList\",\"@id\":\"https:\\\/\\\/www.master.it\\\/fr\\\/prodotto\\\/hkitz527u-fr\\\/#breadcrumb\",\"itemListElement\":[{\"@type\":\"ListItem\",\"position\":1,\"name\":\"Home\",\"item\":\"https:\\\/\\\/www.master.it\\\/fr\\\/\"},{\"@type\":\"ListItem\",\"position\":2,\"name\":\"Shop\",\"item\":\"https:\\\/\\\/www.master.it\\\/fr\\\/shop\\\/\"},{\"@type\":\"ListItem\",\"position\":3,\"name\":\"Kit Z-Wave 2 volets +10 lumi\u00e8res+Mim\u00ec 7\"}]},{\"@type\":\"WebSite\",\"@id\":\"https:\\\/\\\/www.master.it\\\/fr\\\/#website\",\"url\":\"https:\\\/\\\/www.master.it\\\/fr\\\/\",\"name\":\"Master\",\"description\":\"\",\"publisher\":{\"@id\":\"https:\\\/\\\/www.master.it\\\/fr\\\/#organization\"},\"potentialAction\":[{\"@type\":\"SearchAction\",\"target\":{\"@type\":\"EntryPoint\",\"urlTemplate\":\"https:\\\/\\\/www.master.it\\\/fr\\\/?s={search_term_string}\"},\"query-input\":{\"@type\":\"PropertyValueSpecification\",\"valueRequired\":true,\"valueName\":\"search_term_string\"}}],\"inLanguage\":\"fr-FR\"},{\"@type\":\"Organization\",\"@id\":\"https:\\\/\\\/www.master.it\\\/fr\\\/#organization\",\"name\":\"Master\",\"url\":\"https:\\\/\\\/www.master.it\\\/fr\\\/\",\"logo\":{\"@type\":\"ImageObject\",\"inLanguage\":\"fr-FR\",\"@id\":\"https:\\\/\\\/www.master.it\\\/fr\\\/#\\\/schema\\\/logo\\\/image\\\/\",\"url\":\"https:\\\/\\\/www.master.it\\\/wp-content\\\/uploads\\\/2022\\\/04\\\/Logo_master.png\",\"contentUrl\":\"https:\\\/\\\/www.master.it\\\/wp-content\\\/uploads\\\/2022\\\/04\\\/Logo_master.png\",\"width\":552,\"height\":85,\"caption\":\"Master\"},\"image\":{\"@id\":\"https:\\\/\\\/www.master.it\\\/fr\\\/#\\\/schema\\\/logo\\\/image\\\/\"}}]}<\/script>\n<!-- \/ Yoast SEO plugin. -->","yoast_head_json":{"title":"Kit Z-Wave 2 volets +10 lumi\u00e8res+Mim\u00ec 7 - Master","robots":{"index":"index","follow":"follow","max-snippet":"max-snippet:-1","max-image-preview":"max-image-preview:large","max-video-preview":"max-video-preview:-1"},"canonical":"https:\/\/www.master.it\/fr\/prodotto\/hkitz527u-fr\/","og_locale":"fr_FR","og_type":"article","og_title":"Kit Z-Wave 2 volets +10 lumi\u00e8res+Mim\u00ec 7 - Master","og_description":"Kit Z-Wave+ Zoe 5+2 avec Vesta2-ZW, 5 ZoePower pour un total de 10 lignes d&rsquo;actionnement ON\/OFF (automatismes, prises, luminaires), 2 ZoeShutters pour un total de 2 volets roulants (haut\/bas) et \u00e9cran de contr\u00f4le tactile Mim\u00ec 7&Prime;.Fr\u00e9quence 908.4MHz (Etats-Unis, Mexique, Canada, Panama&#8230;). Contient une alimentation 12Vdc 2A et un coupon pour l&rsquo;activation gratuite des commandes vocales&hellip;","og_url":"https:\/\/www.master.it\/fr\/prodotto\/hkitz527u-fr\/","og_site_name":"Master","article_modified_time":"2025-08-11T22:06:15+00:00","og_image":[{"width":552,"height":85,"url":"https:\/\/www.master.it\/wp-content\/uploads\/2022\/04\/Logo_master.png","type":"image\/png"}],"twitter_card":"summary_large_image","schema":{"@context":"https:\/\/schema.org","@graph":[{"@type":"WebPage","@id":"https:\/\/www.master.it\/fr\/prodotto\/hkitz527u-fr\/","url":"https:\/\/www.master.it\/fr\/prodotto\/hkitz527u-fr\/","name":"Kit Z-Wave 2 volets +10 lumi\u00e8res+Mim\u00ec 7 - Master","isPartOf":{"@id":"https:\/\/www.master.it\/fr\/#website"},"datePublished":"2023-02-24T23:10:53+00:00","dateModified":"2025-08-11T22:06:15+00:00","breadcrumb":{"@id":"https:\/\/www.master.it\/fr\/prodotto\/hkitz527u-fr\/#breadcrumb"},"inLanguage":"fr-FR","potentialAction":[{"@type":"ReadAction","target":["https:\/\/www.master.it\/fr\/prodotto\/hkitz527u-fr\/"]}]},{"@type":"BreadcrumbList","@id":"https:\/\/www.master.it\/fr\/prodotto\/hkitz527u-fr\/#breadcrumb","itemListElement":[{"@type":"ListItem","position":1,"name":"Home","item":"https:\/\/www.master.it\/fr\/"},{"@type":"ListItem","position":2,"name":"Shop","item":"https:\/\/www.master.it\/fr\/shop\/"},{"@type":"ListItem","position":3,"name":"Kit Z-Wave 2 volets +10 lumi\u00e8res+Mim\u00ec 7"}]},{"@type":"WebSite","@id":"https:\/\/www.master.it\/fr\/#website","url":"https:\/\/www.master.it\/fr\/","name":"Master","description":"","publisher":{"@id":"https:\/\/www.master.it\/fr\/#organization"},"potentialAction":[{"@type":"SearchAction","target":{"@type":"EntryPoint","urlTemplate":"https:\/\/www.master.it\/fr\/?s={search_term_string}"},"query-input":{"@type":"PropertyValueSpecification","valueRequired":true,"valueName":"search_term_string"}}],"inLanguage":"fr-FR"},{"@type":"Organization","@id":"https:\/\/www.master.it\/fr\/#organization","name":"Master","url":"https:\/\/www.master.it\/fr\/","logo":{"@type":"ImageObject","inLanguage":"fr-FR","@id":"https:\/\/www.master.it\/fr\/#\/schema\/logo\/image\/","url":"https:\/\/www.master.it\/wp-content\/uploads\/2022\/04\/Logo_master.png","contentUrl":"https:\/\/www.master.it\/wp-content\/uploads\/2022\/04\/Logo_master.png","width":552,"height":85,"caption":"Master"},"image":{"@id":"https:\/\/www.master.it\/fr\/#\/schema\/logo\/image\/"}}]}},"jetpack_sharing_enabled":true,"_links":{"self":[{"href":"https:\/\/www.master.it\/fr\/wp-json\/wp\/v2\/product\/131784","targetHints":{"allow":["GET"]}}],"collection":[{"href":"https:\/\/www.master.it\/fr\/wp-json\/wp\/v2\/product"}],"about":[{"href":"https:\/\/www.master.it\/fr\/wp-json\/wp\/v2\/types\/product"}],"wp:attachment":[{"href":"https:\/\/www.master.it\/fr\/wp-json\/wp\/v2\/media?parent=131784"}],"wp:term":[{"taxonomy":"product_brand","embeddable":true,"href":"https:\/\/www.master.it\/fr\/wp-json\/wp\/v2\/product_brand?post=131784"},{"taxonomy":"product_cat","embeddable":true,"href":"https:\/\/www.master.it\/fr\/wp-json\/wp\/v2\/product_cat?post=131784"},{"taxonomy":"product_tag","embeddable":true,"href":"https:\/\/www.master.it\/fr\/wp-json\/wp\/v2\/product_tag?post=131784"}],"curies":[{"name":"wp","href":"https:\/\/api.w.org\/{rel}","templated":true}]}}