{"id":136121,"date":"2024-06-08T00:11:28","date_gmt":"2024-06-07T22:11:28","guid":{"rendered":"https:\/\/www.master.it\/prodotto\/11722-fr\/"},"modified":"2026-03-30T00:11:16","modified_gmt":"2026-03-29T22:11:16","slug":"11722-fr","status":"publish","type":"product","link":"https:\/\/www.master.it\/fr\/prodotto\/11722-fr\/","title":{"rendered":"Contr\u00f4le d&rsquo;acc\u00e8s NFC DIFRA2, 2m. Blanc"},"content":{"rendered":"<p>Dispositif de gestion d&rsquo;acc\u00e8s DIFRA2 avec technologie NFC, alimentation 12V DC, connexion BUS RS485, 2 entr\u00e9es, 1 sortie NO 5A 250V~. 2 modules, PIXIA blanc SNOW WHITE. DIFRA2 fonctionne uniquement avec les cartes NFC (HA02221)<\/p>\n","protected":false},"excerpt":{"rendered":"<p>Dispositif de gestion d&rsquo;acc\u00e8s DIFRA2 avec technologie NFC, alimentation 12V DC, connexion BUS RS485, 2 entr\u00e9es, 1 sortie NO 5A 250V~. 2 modules, PIXIA blanc SNOW WHITE. DIFRA2 fonctionne uniquement avec les cartes NFC (HA02221)<\/p>\n","protected":false},"featured_media":0,"template":"","meta":{"_acf_changed":false},"product_brand":[],"product_cat":[22794,22941,22943,22796],"product_tag":[18984,18860,22903],"class_list":{"0":"post-136121","1":"product","2":"type-product","3":"status-publish","5":"product_cat-q1h-apparecchi-una-automation","6":"product_cat-haq1-q1h-apparecchi-una-pixia-white","7":"product_cat-haq1-q1h-appareils-pixia-blanc-una-fr","8":"product_cat-q1h-appareils-una-automation-fr","9":"product_tag-45-composants-una-pour-s-rie-civile-fr","10":"product_tag-7-contr-le-d-acc-s-fr","11":"product_tag-47-serie-civil-modular-pixia-fr","12":"description-off","14":"first","15":"instock","16":"shipping-taxable","17":"product-type-simple"},"acf":[],"yoast_head":"<!-- This site is optimized with the Yoast SEO plugin v27.3 - https:\/\/yoast.com\/product\/yoast-seo-wordpress\/ -->\n<title>Contr\u00f4le d&#039;acc\u00e8s NFC DIFRA2, 2m. Blanc - Master<\/title>\n<meta name=\"robots\" content=\"index, follow, max-snippet:-1, max-image-preview:large, max-video-preview:-1\" \/>\n<link rel=\"canonical\" href=\"https:\/\/www.master.it\/fr\/prodotto\/11722-fr\/\" \/>\n<meta property=\"og:locale\" content=\"fr_FR\" \/>\n<meta property=\"og:type\" content=\"article\" \/>\n<meta property=\"og:title\" content=\"Contr\u00f4le d&#039;acc\u00e8s NFC DIFRA2, 2m. Blanc - Master\" \/>\n<meta property=\"og:description\" content=\"Dispositif de gestion d&rsquo;acc\u00e8s DIFRA2 avec technologie NFC, alimentation 12V DC, connexion BUS RS485, 2 entr\u00e9es, 1 sortie NO 5A 250V~. 2 modules, PIXIA blanc SNOW WHITE. DIFRA2 fonctionne uniquement avec les cartes NFC (HA02221)\" \/>\n<meta property=\"og:url\" content=\"https:\/\/www.master.it\/fr\/prodotto\/11722-fr\/\" \/>\n<meta property=\"og:site_name\" content=\"Master\" \/>\n<meta property=\"article:modified_time\" content=\"2026-03-29T22:11:16+00:00\" \/>\n<meta property=\"og:image\" content=\"https:\/\/www.master.it\/wp-content\/uploads\/2022\/04\/Logo_master.png\" \/>\n\t<meta property=\"og:image:width\" content=\"552\" \/>\n\t<meta property=\"og:image:height\" content=\"85\" \/>\n\t<meta property=\"og:image:type\" content=\"image\/png\" \/>\n<meta name=\"twitter:card\" content=\"summary_large_image\" \/>\n<script type=\"application\/ld+json\" class=\"yoast-schema-graph\">{\"@context\":\"https:\\\/\\\/schema.org\",\"@graph\":[{\"@type\":\"WebPage\",\"@id\":\"https:\\\/\\\/www.master.it\\\/fr\\\/prodotto\\\/11722-fr\\\/\",\"url\":\"https:\\\/\\\/www.master.it\\\/fr\\\/prodotto\\\/11722-fr\\\/\",\"name\":\"Contr\u00f4le d'acc\u00e8s NFC DIFRA2, 2m. Blanc - Master\",\"isPartOf\":{\"@id\":\"https:\\\/\\\/www.master.it\\\/fr\\\/#website\"},\"datePublished\":\"2024-06-07T22:11:28+00:00\",\"dateModified\":\"2026-03-29T22:11:16+00:00\",\"breadcrumb\":{\"@id\":\"https:\\\/\\\/www.master.it\\\/fr\\\/prodotto\\\/11722-fr\\\/#breadcrumb\"},\"inLanguage\":\"fr-FR\",\"potentialAction\":[{\"@type\":\"ReadAction\",\"target\":[\"https:\\\/\\\/www.master.it\\\/fr\\\/prodotto\\\/11722-fr\\\/\"]}]},{\"@type\":\"BreadcrumbList\",\"@id\":\"https:\\\/\\\/www.master.it\\\/fr\\\/prodotto\\\/11722-fr\\\/#breadcrumb\",\"itemListElement\":[{\"@type\":\"ListItem\",\"position\":1,\"name\":\"Home\",\"item\":\"https:\\\/\\\/www.master.it\\\/fr\\\/\"},{\"@type\":\"ListItem\",\"position\":2,\"name\":\"Shop\",\"item\":\"https:\\\/\\\/www.master.it\\\/fr\\\/shop\\\/\"},{\"@type\":\"ListItem\",\"position\":3,\"name\":\"Contr\u00f4le d&#8217;acc\u00e8s NFC DIFRA2, 2m. Blanc\"}]},{\"@type\":\"WebSite\",\"@id\":\"https:\\\/\\\/www.master.it\\\/fr\\\/#website\",\"url\":\"https:\\\/\\\/www.master.it\\\/fr\\\/\",\"name\":\"Master\",\"description\":\"\",\"publisher\":{\"@id\":\"https:\\\/\\\/www.master.it\\\/fr\\\/#organization\"},\"potentialAction\":[{\"@type\":\"SearchAction\",\"target\":{\"@type\":\"EntryPoint\",\"urlTemplate\":\"https:\\\/\\\/www.master.it\\\/fr\\\/?s={search_term_string}\"},\"query-input\":{\"@type\":\"PropertyValueSpecification\",\"valueRequired\":true,\"valueName\":\"search_term_string\"}}],\"inLanguage\":\"fr-FR\"},{\"@type\":\"Organization\",\"@id\":\"https:\\\/\\\/www.master.it\\\/fr\\\/#organization\",\"name\":\"Master\",\"url\":\"https:\\\/\\\/www.master.it\\\/fr\\\/\",\"logo\":{\"@type\":\"ImageObject\",\"inLanguage\":\"fr-FR\",\"@id\":\"https:\\\/\\\/www.master.it\\\/fr\\\/#\\\/schema\\\/logo\\\/image\\\/\",\"url\":\"https:\\\/\\\/www.master.it\\\/wp-content\\\/uploads\\\/2022\\\/04\\\/Logo_master.png\",\"contentUrl\":\"https:\\\/\\\/www.master.it\\\/wp-content\\\/uploads\\\/2022\\\/04\\\/Logo_master.png\",\"width\":552,\"height\":85,\"caption\":\"Master\"},\"image\":{\"@id\":\"https:\\\/\\\/www.master.it\\\/fr\\\/#\\\/schema\\\/logo\\\/image\\\/\"}}]}<\/script>\n<!-- \/ Yoast SEO plugin. -->","yoast_head_json":{"title":"Contr\u00f4le d'acc\u00e8s NFC DIFRA2, 2m. Blanc - Master","robots":{"index":"index","follow":"follow","max-snippet":"max-snippet:-1","max-image-preview":"max-image-preview:large","max-video-preview":"max-video-preview:-1"},"canonical":"https:\/\/www.master.it\/fr\/prodotto\/11722-fr\/","og_locale":"fr_FR","og_type":"article","og_title":"Contr\u00f4le d'acc\u00e8s NFC DIFRA2, 2m. Blanc - Master","og_description":"Dispositif de gestion d&rsquo;acc\u00e8s DIFRA2 avec technologie NFC, alimentation 12V DC, connexion BUS RS485, 2 entr\u00e9es, 1 sortie NO 5A 250V~. 2 modules, PIXIA blanc SNOW WHITE. DIFRA2 fonctionne uniquement avec les cartes NFC (HA02221)","og_url":"https:\/\/www.master.it\/fr\/prodotto\/11722-fr\/","og_site_name":"Master","article_modified_time":"2026-03-29T22:11:16+00:00","og_image":[{"width":552,"height":85,"url":"https:\/\/www.master.it\/wp-content\/uploads\/2022\/04\/Logo_master.png","type":"image\/png"}],"twitter_card":"summary_large_image","schema":{"@context":"https:\/\/schema.org","@graph":[{"@type":"WebPage","@id":"https:\/\/www.master.it\/fr\/prodotto\/11722-fr\/","url":"https:\/\/www.master.it\/fr\/prodotto\/11722-fr\/","name":"Contr\u00f4le d'acc\u00e8s NFC DIFRA2, 2m. Blanc - Master","isPartOf":{"@id":"https:\/\/www.master.it\/fr\/#website"},"datePublished":"2024-06-07T22:11:28+00:00","dateModified":"2026-03-29T22:11:16+00:00","breadcrumb":{"@id":"https:\/\/www.master.it\/fr\/prodotto\/11722-fr\/#breadcrumb"},"inLanguage":"fr-FR","potentialAction":[{"@type":"ReadAction","target":["https:\/\/www.master.it\/fr\/prodotto\/11722-fr\/"]}]},{"@type":"BreadcrumbList","@id":"https:\/\/www.master.it\/fr\/prodotto\/11722-fr\/#breadcrumb","itemListElement":[{"@type":"ListItem","position":1,"name":"Home","item":"https:\/\/www.master.it\/fr\/"},{"@type":"ListItem","position":2,"name":"Shop","item":"https:\/\/www.master.it\/fr\/shop\/"},{"@type":"ListItem","position":3,"name":"Contr\u00f4le d&#8217;acc\u00e8s NFC DIFRA2, 2m. Blanc"}]},{"@type":"WebSite","@id":"https:\/\/www.master.it\/fr\/#website","url":"https:\/\/www.master.it\/fr\/","name":"Master","description":"","publisher":{"@id":"https:\/\/www.master.it\/fr\/#organization"},"potentialAction":[{"@type":"SearchAction","target":{"@type":"EntryPoint","urlTemplate":"https:\/\/www.master.it\/fr\/?s={search_term_string}"},"query-input":{"@type":"PropertyValueSpecification","valueRequired":true,"valueName":"search_term_string"}}],"inLanguage":"fr-FR"},{"@type":"Organization","@id":"https:\/\/www.master.it\/fr\/#organization","name":"Master","url":"https:\/\/www.master.it\/fr\/","logo":{"@type":"ImageObject","inLanguage":"fr-FR","@id":"https:\/\/www.master.it\/fr\/#\/schema\/logo\/image\/","url":"https:\/\/www.master.it\/wp-content\/uploads\/2022\/04\/Logo_master.png","contentUrl":"https:\/\/www.master.it\/wp-content\/uploads\/2022\/04\/Logo_master.png","width":552,"height":85,"caption":"Master"},"image":{"@id":"https:\/\/www.master.it\/fr\/#\/schema\/logo\/image\/"}}]}},"jetpack_sharing_enabled":true,"_links":{"self":[{"href":"https:\/\/www.master.it\/fr\/wp-json\/wp\/v2\/product\/136121","targetHints":{"allow":["GET"]}}],"collection":[{"href":"https:\/\/www.master.it\/fr\/wp-json\/wp\/v2\/product"}],"about":[{"href":"https:\/\/www.master.it\/fr\/wp-json\/wp\/v2\/types\/product"}],"wp:attachment":[{"href":"https:\/\/www.master.it\/fr\/wp-json\/wp\/v2\/media?parent=136121"}],"wp:term":[{"taxonomy":"product_brand","embeddable":true,"href":"https:\/\/www.master.it\/fr\/wp-json\/wp\/v2\/product_brand?post=136121"},{"taxonomy":"product_cat","embeddable":true,"href":"https:\/\/www.master.it\/fr\/wp-json\/wp\/v2\/product_cat?post=136121"},{"taxonomy":"product_tag","embeddable":true,"href":"https:\/\/www.master.it\/fr\/wp-json\/wp\/v2\/product_tag?post=136121"}],"curies":[{"name":"wp","href":"https:\/\/api.w.org\/{rel}","templated":true}]}}