{"id":141812,"date":"2026-02-06T00:09:14","date_gmt":"2026-02-05T23:09:14","guid":{"rendered":"https:\/\/www.master.it\/prodotto\/36424-fr\/"},"modified":"2026-02-09T00:08:57","modified_gmt":"2026-02-08T23:08:57","slug":"36424-fr","status":"publish","type":"product","link":"https:\/\/www.master.it\/fr\/prodotto\/36424-fr\/","title":{"rendered":"Chronotherm. PIXIA WiFi 3mod. 127\/230V"},"content":{"rendered":"<p>Chronothermostat Wi-Fi Sferia, s\u00e9rie MODO, 3 modules, coloris blanc. Contr\u00f4le de la temp\u00e9rature et de l\u2019humidit\u00e9, \u00e9cran tactile rond 1.28\u201d, double relais configurable, port RS485 pour int\u00e9gration domotique UNA Automation, capteurs de pr\u00e9cision 0\u201350 \u00b0C et 0\u2013100 % HR, alimentation 127\/230 Vac, indice de protection IP20, mise \u00e0 jour automatique via Internet, gestion locale par Wi-Fi ou \u00e0 distance via l\u2019application UNAmobile. Dimensions : 66\u00d747\u00d744 mm, poids 95 g.<\/p>\n","protected":false},"excerpt":{"rendered":"<p>Chronothermostat Wi-Fi Sferia, s\u00e9rie MODO, 3 modules, coloris blanc. Contr\u00f4le de la temp\u00e9rature et de l\u2019humidit\u00e9, \u00e9cran tactile rond 1.28\u201d, double relais configurable, port RS485 pour int\u00e9gration domotique UNA Automation, capteurs de pr\u00e9cision 0\u201350 \u00b0C et 0\u2013100 % HR, alimentation 127\/230 Vac, indice de protection IP20, mise \u00e0 jour automatique via Internet, gestion locale par&hellip;<\/p>\n","protected":false},"featured_media":0,"template":"","meta":{"_acf_changed":false},"product_brand":[],"product_cat":[22333,22331],"product_tag":[22915],"class_list":{"0":"post-141812","1":"product","2":"type-product","3":"status-publish","5":"product_cat-nce-electroniques-fr","6":"product_cat-nce-elettronici","7":"product_tag-49-modo-mix-system-fr","8":"description-off","10":"first","11":"instock","12":"shipping-taxable","13":"product-type-simple"},"acf":[],"yoast_head":"<!-- This site is optimized with the Yoast SEO plugin v27.3 - https:\/\/yoast.com\/product\/yoast-seo-wordpress\/ -->\n<title>Chronotherm. PIXIA WiFi 3mod. 127\/230V - Master<\/title>\n<meta name=\"robots\" content=\"index, follow, max-snippet:-1, max-image-preview:large, max-video-preview:-1\" \/>\n<link rel=\"canonical\" href=\"https:\/\/www.master.it\/fr\/prodotto\/36424-fr\/\" \/>\n<meta property=\"og:locale\" content=\"fr_FR\" \/>\n<meta property=\"og:type\" content=\"article\" \/>\n<meta property=\"og:title\" content=\"Chronotherm. PIXIA WiFi 3mod. 127\/230V - Master\" \/>\n<meta property=\"og:description\" content=\"Chronothermostat Wi-Fi Sferia, s\u00e9rie MODO, 3 modules, coloris blanc. Contr\u00f4le de la temp\u00e9rature et de l\u2019humidit\u00e9, \u00e9cran tactile rond 1.28\u201d, double relais configurable, port RS485 pour int\u00e9gration domotique UNA Automation, capteurs de pr\u00e9cision 0\u201350 \u00b0C et 0\u2013100 % HR, alimentation 127\/230 Vac, indice de protection IP20, mise \u00e0 jour automatique via Internet, gestion locale par&hellip;\" \/>\n<meta property=\"og:url\" content=\"https:\/\/www.master.it\/fr\/prodotto\/36424-fr\/\" \/>\n<meta property=\"og:site_name\" content=\"Master\" \/>\n<meta property=\"article:modified_time\" content=\"2026-02-08T23:08:57+00:00\" \/>\n<meta property=\"og:image\" content=\"https:\/\/www.master.it\/wp-content\/uploads\/2022\/04\/Logo_master.png\" \/>\n\t<meta property=\"og:image:width\" content=\"552\" \/>\n\t<meta property=\"og:image:height\" content=\"85\" \/>\n\t<meta property=\"og:image:type\" content=\"image\/png\" \/>\n<meta name=\"twitter:card\" content=\"summary_large_image\" \/>\n<script type=\"application\/ld+json\" class=\"yoast-schema-graph\">{\"@context\":\"https:\\\/\\\/schema.org\",\"@graph\":[{\"@type\":\"WebPage\",\"@id\":\"https:\\\/\\\/www.master.it\\\/fr\\\/prodotto\\\/36424-fr\\\/\",\"url\":\"https:\\\/\\\/www.master.it\\\/fr\\\/prodotto\\\/36424-fr\\\/\",\"name\":\"Chronotherm. PIXIA WiFi 3mod. 127\\\/230V - Master\",\"isPartOf\":{\"@id\":\"https:\\\/\\\/www.master.it\\\/fr\\\/#website\"},\"datePublished\":\"2026-02-05T23:09:14+00:00\",\"dateModified\":\"2026-02-08T23:08:57+00:00\",\"breadcrumb\":{\"@id\":\"https:\\\/\\\/www.master.it\\\/fr\\\/prodotto\\\/36424-fr\\\/#breadcrumb\"},\"inLanguage\":\"fr-FR\",\"potentialAction\":[{\"@type\":\"ReadAction\",\"target\":[\"https:\\\/\\\/www.master.it\\\/fr\\\/prodotto\\\/36424-fr\\\/\"]}]},{\"@type\":\"BreadcrumbList\",\"@id\":\"https:\\\/\\\/www.master.it\\\/fr\\\/prodotto\\\/36424-fr\\\/#breadcrumb\",\"itemListElement\":[{\"@type\":\"ListItem\",\"position\":1,\"name\":\"Home\",\"item\":\"https:\\\/\\\/www.master.it\\\/fr\\\/\"},{\"@type\":\"ListItem\",\"position\":2,\"name\":\"Shop\",\"item\":\"https:\\\/\\\/www.master.it\\\/fr\\\/shop\\\/\"},{\"@type\":\"ListItem\",\"position\":3,\"name\":\"Chronotherm. PIXIA WiFi 3mod. 127\\\/230V\"}]},{\"@type\":\"WebSite\",\"@id\":\"https:\\\/\\\/www.master.it\\\/fr\\\/#website\",\"url\":\"https:\\\/\\\/www.master.it\\\/fr\\\/\",\"name\":\"Master\",\"description\":\"\",\"publisher\":{\"@id\":\"https:\\\/\\\/www.master.it\\\/fr\\\/#organization\"},\"potentialAction\":[{\"@type\":\"SearchAction\",\"target\":{\"@type\":\"EntryPoint\",\"urlTemplate\":\"https:\\\/\\\/www.master.it\\\/fr\\\/?s={search_term_string}\"},\"query-input\":{\"@type\":\"PropertyValueSpecification\",\"valueRequired\":true,\"valueName\":\"search_term_string\"}}],\"inLanguage\":\"fr-FR\"},{\"@type\":\"Organization\",\"@id\":\"https:\\\/\\\/www.master.it\\\/fr\\\/#organization\",\"name\":\"Master\",\"url\":\"https:\\\/\\\/www.master.it\\\/fr\\\/\",\"logo\":{\"@type\":\"ImageObject\",\"inLanguage\":\"fr-FR\",\"@id\":\"https:\\\/\\\/www.master.it\\\/fr\\\/#\\\/schema\\\/logo\\\/image\\\/\",\"url\":\"https:\\\/\\\/www.master.it\\\/wp-content\\\/uploads\\\/2022\\\/04\\\/Logo_master.png\",\"contentUrl\":\"https:\\\/\\\/www.master.it\\\/wp-content\\\/uploads\\\/2022\\\/04\\\/Logo_master.png\",\"width\":552,\"height\":85,\"caption\":\"Master\"},\"image\":{\"@id\":\"https:\\\/\\\/www.master.it\\\/fr\\\/#\\\/schema\\\/logo\\\/image\\\/\"}}]}<\/script>\n<!-- \/ Yoast SEO plugin. -->","yoast_head_json":{"title":"Chronotherm. PIXIA WiFi 3mod. 127\/230V - Master","robots":{"index":"index","follow":"follow","max-snippet":"max-snippet:-1","max-image-preview":"max-image-preview:large","max-video-preview":"max-video-preview:-1"},"canonical":"https:\/\/www.master.it\/fr\/prodotto\/36424-fr\/","og_locale":"fr_FR","og_type":"article","og_title":"Chronotherm. PIXIA WiFi 3mod. 127\/230V - Master","og_description":"Chronothermostat Wi-Fi Sferia, s\u00e9rie MODO, 3 modules, coloris blanc. Contr\u00f4le de la temp\u00e9rature et de l\u2019humidit\u00e9, \u00e9cran tactile rond 1.28\u201d, double relais configurable, port RS485 pour int\u00e9gration domotique UNA Automation, capteurs de pr\u00e9cision 0\u201350 \u00b0C et 0\u2013100 % HR, alimentation 127\/230 Vac, indice de protection IP20, mise \u00e0 jour automatique via Internet, gestion locale par&hellip;","og_url":"https:\/\/www.master.it\/fr\/prodotto\/36424-fr\/","og_site_name":"Master","article_modified_time":"2026-02-08T23:08:57+00:00","og_image":[{"width":552,"height":85,"url":"https:\/\/www.master.it\/wp-content\/uploads\/2022\/04\/Logo_master.png","type":"image\/png"}],"twitter_card":"summary_large_image","schema":{"@context":"https:\/\/schema.org","@graph":[{"@type":"WebPage","@id":"https:\/\/www.master.it\/fr\/prodotto\/36424-fr\/","url":"https:\/\/www.master.it\/fr\/prodotto\/36424-fr\/","name":"Chronotherm. PIXIA WiFi 3mod. 127\/230V - Master","isPartOf":{"@id":"https:\/\/www.master.it\/fr\/#website"},"datePublished":"2026-02-05T23:09:14+00:00","dateModified":"2026-02-08T23:08:57+00:00","breadcrumb":{"@id":"https:\/\/www.master.it\/fr\/prodotto\/36424-fr\/#breadcrumb"},"inLanguage":"fr-FR","potentialAction":[{"@type":"ReadAction","target":["https:\/\/www.master.it\/fr\/prodotto\/36424-fr\/"]}]},{"@type":"BreadcrumbList","@id":"https:\/\/www.master.it\/fr\/prodotto\/36424-fr\/#breadcrumb","itemListElement":[{"@type":"ListItem","position":1,"name":"Home","item":"https:\/\/www.master.it\/fr\/"},{"@type":"ListItem","position":2,"name":"Shop","item":"https:\/\/www.master.it\/fr\/shop\/"},{"@type":"ListItem","position":3,"name":"Chronotherm. PIXIA WiFi 3mod. 127\/230V"}]},{"@type":"WebSite","@id":"https:\/\/www.master.it\/fr\/#website","url":"https:\/\/www.master.it\/fr\/","name":"Master","description":"","publisher":{"@id":"https:\/\/www.master.it\/fr\/#organization"},"potentialAction":[{"@type":"SearchAction","target":{"@type":"EntryPoint","urlTemplate":"https:\/\/www.master.it\/fr\/?s={search_term_string}"},"query-input":{"@type":"PropertyValueSpecification","valueRequired":true,"valueName":"search_term_string"}}],"inLanguage":"fr-FR"},{"@type":"Organization","@id":"https:\/\/www.master.it\/fr\/#organization","name":"Master","url":"https:\/\/www.master.it\/fr\/","logo":{"@type":"ImageObject","inLanguage":"fr-FR","@id":"https:\/\/www.master.it\/fr\/#\/schema\/logo\/image\/","url":"https:\/\/www.master.it\/wp-content\/uploads\/2022\/04\/Logo_master.png","contentUrl":"https:\/\/www.master.it\/wp-content\/uploads\/2022\/04\/Logo_master.png","width":552,"height":85,"caption":"Master"},"image":{"@id":"https:\/\/www.master.it\/fr\/#\/schema\/logo\/image\/"}}]}},"jetpack_sharing_enabled":true,"_links":{"self":[{"href":"https:\/\/www.master.it\/fr\/wp-json\/wp\/v2\/product\/141812","targetHints":{"allow":["GET"]}}],"collection":[{"href":"https:\/\/www.master.it\/fr\/wp-json\/wp\/v2\/product"}],"about":[{"href":"https:\/\/www.master.it\/fr\/wp-json\/wp\/v2\/types\/product"}],"wp:attachment":[{"href":"https:\/\/www.master.it\/fr\/wp-json\/wp\/v2\/media?parent=141812"}],"wp:term":[{"taxonomy":"product_brand","embeddable":true,"href":"https:\/\/www.master.it\/fr\/wp-json\/wp\/v2\/product_brand?post=141812"},{"taxonomy":"product_cat","embeddable":true,"href":"https:\/\/www.master.it\/fr\/wp-json\/wp\/v2\/product_cat?post=141812"},{"taxonomy":"product_tag","embeddable":true,"href":"https:\/\/www.master.it\/fr\/wp-json\/wp\/v2\/product_tag?post=141812"}],"curies":[{"name":"wp","href":"https:\/\/api.w.org\/{rel}","templated":true}]}}