{"id":142112,"date":"2026-03-07T00:10:31","date_gmt":"2026-03-06T23:10:31","guid":{"rendered":"https:\/\/www.master.it\/prodotto\/tbs-25mm2-fr\/"},"modified":"2026-03-13T00:12:58","modified_gmt":"2026-03-12T23:12:58","slug":"tbs-25mm2-fr","status":"publish","type":"product","link":"https:\/\/www.master.it\/fr\/prodotto\/tbs-25mm2-fr\/","title":{"rendered":"Barre \u00e0 12Bornes unipolaires 25mm\u00b2"},"content":{"rendered":"<p>Barrette de bornes \u00e0 vis s\u00e9cable 12 p\u00f4les en polypropyl\u00e8ne (type mammut), section de c\u00e2ble 25 mm\u00b2, contacts en laiton, vis en acier. Tension nominale 380 V, temp\u00e9rature d\u2019utilisation \u221230 \u00b0C \u00e0 90 \u00b0C. Couleur blanche.<\/p>\n","protected":false},"excerpt":{"rendered":"<p>Barrette de bornes \u00e0 vis s\u00e9cable 12 p\u00f4les en polypropyl\u00e8ne (type mammut), section de c\u00e2ble 25 mm\u00b2, contacts en laiton, vis en acier. Tension nominale 380 V, temp\u00e9rature d\u2019utilisation \u221230 \u00b0C \u00e0 90 \u00b0C. Couleur blanche.<\/p>\n","protected":false},"featured_media":0,"template":"","meta":{"_acf_changed":false},"product_brand":[],"product_cat":[23041,23039],"product_tag":[],"class_list":{"0":"post-142112","1":"product","2":"type-product","3":"status-publish","5":"product_cat-amp-bornes-unipolaires-en-pp-fr","6":"product_cat-amp-morsetti-in-pp","7":"description-off","9":"first","10":"instock","11":"shipping-taxable","12":"product-type-simple"},"acf":[],"yoast_head":"<!-- This site is optimized with the Yoast SEO plugin v27.3 - https:\/\/yoast.com\/product\/yoast-seo-wordpress\/ -->\n<title>Barre \u00e0 12Bornes unipolaires 25mm\u00b2 - Master<\/title>\n<meta name=\"robots\" content=\"index, follow, max-snippet:-1, max-image-preview:large, max-video-preview:-1\" \/>\n<link rel=\"canonical\" href=\"https:\/\/www.master.it\/fr\/prodotto\/tbs-25mm2-fr\/\" \/>\n<meta property=\"og:locale\" content=\"fr_FR\" \/>\n<meta property=\"og:type\" content=\"article\" \/>\n<meta property=\"og:title\" content=\"Barre \u00e0 12Bornes unipolaires 25mm\u00b2 - Master\" \/>\n<meta property=\"og:description\" content=\"Barrette de bornes \u00e0 vis s\u00e9cable 12 p\u00f4les en polypropyl\u00e8ne (type mammut), section de c\u00e2ble 25 mm\u00b2, contacts en laiton, vis en acier. Tension nominale 380 V, temp\u00e9rature d\u2019utilisation \u221230 \u00b0C \u00e0 90 \u00b0C. Couleur blanche.\" \/>\n<meta property=\"og:url\" content=\"https:\/\/www.master.it\/fr\/prodotto\/tbs-25mm2-fr\/\" \/>\n<meta property=\"og:site_name\" content=\"Master\" \/>\n<meta property=\"article:modified_time\" content=\"2026-03-12T23:12:58+00:00\" \/>\n<meta property=\"og:image\" content=\"https:\/\/www.master.it\/wp-content\/uploads\/2022\/04\/Logo_master.png\" \/>\n\t<meta property=\"og:image:width\" content=\"552\" \/>\n\t<meta property=\"og:image:height\" content=\"85\" \/>\n\t<meta property=\"og:image:type\" content=\"image\/png\" \/>\n<meta name=\"twitter:card\" content=\"summary_large_image\" \/>\n<script type=\"application\/ld+json\" class=\"yoast-schema-graph\">{\"@context\":\"https:\\\/\\\/schema.org\",\"@graph\":[{\"@type\":\"WebPage\",\"@id\":\"https:\\\/\\\/www.master.it\\\/fr\\\/prodotto\\\/tbs-25mm2-fr\\\/\",\"url\":\"https:\\\/\\\/www.master.it\\\/fr\\\/prodotto\\\/tbs-25mm2-fr\\\/\",\"name\":\"Barre \u00e0 12Bornes unipolaires 25mm\u00b2 - Master\",\"isPartOf\":{\"@id\":\"https:\\\/\\\/www.master.it\\\/fr\\\/#website\"},\"datePublished\":\"2026-03-06T23:10:31+00:00\",\"dateModified\":\"2026-03-12T23:12:58+00:00\",\"breadcrumb\":{\"@id\":\"https:\\\/\\\/www.master.it\\\/fr\\\/prodotto\\\/tbs-25mm2-fr\\\/#breadcrumb\"},\"inLanguage\":\"fr-FR\",\"potentialAction\":[{\"@type\":\"ReadAction\",\"target\":[\"https:\\\/\\\/www.master.it\\\/fr\\\/prodotto\\\/tbs-25mm2-fr\\\/\"]}]},{\"@type\":\"BreadcrumbList\",\"@id\":\"https:\\\/\\\/www.master.it\\\/fr\\\/prodotto\\\/tbs-25mm2-fr\\\/#breadcrumb\",\"itemListElement\":[{\"@type\":\"ListItem\",\"position\":1,\"name\":\"Home\",\"item\":\"https:\\\/\\\/www.master.it\\\/fr\\\/\"},{\"@type\":\"ListItem\",\"position\":2,\"name\":\"Shop\",\"item\":\"https:\\\/\\\/www.master.it\\\/fr\\\/shop\\\/\"},{\"@type\":\"ListItem\",\"position\":3,\"name\":\"Barre \u00e0 12Bornes unipolaires 25mm\u00b2\"}]},{\"@type\":\"WebSite\",\"@id\":\"https:\\\/\\\/www.master.it\\\/fr\\\/#website\",\"url\":\"https:\\\/\\\/www.master.it\\\/fr\\\/\",\"name\":\"Master\",\"description\":\"\",\"publisher\":{\"@id\":\"https:\\\/\\\/www.master.it\\\/fr\\\/#organization\"},\"potentialAction\":[{\"@type\":\"SearchAction\",\"target\":{\"@type\":\"EntryPoint\",\"urlTemplate\":\"https:\\\/\\\/www.master.it\\\/fr\\\/?s={search_term_string}\"},\"query-input\":{\"@type\":\"PropertyValueSpecification\",\"valueRequired\":true,\"valueName\":\"search_term_string\"}}],\"inLanguage\":\"fr-FR\"},{\"@type\":\"Organization\",\"@id\":\"https:\\\/\\\/www.master.it\\\/fr\\\/#organization\",\"name\":\"Master\",\"url\":\"https:\\\/\\\/www.master.it\\\/fr\\\/\",\"logo\":{\"@type\":\"ImageObject\",\"inLanguage\":\"fr-FR\",\"@id\":\"https:\\\/\\\/www.master.it\\\/fr\\\/#\\\/schema\\\/logo\\\/image\\\/\",\"url\":\"https:\\\/\\\/www.master.it\\\/wp-content\\\/uploads\\\/2022\\\/04\\\/Logo_master.png\",\"contentUrl\":\"https:\\\/\\\/www.master.it\\\/wp-content\\\/uploads\\\/2022\\\/04\\\/Logo_master.png\",\"width\":552,\"height\":85,\"caption\":\"Master\"},\"image\":{\"@id\":\"https:\\\/\\\/www.master.it\\\/fr\\\/#\\\/schema\\\/logo\\\/image\\\/\"}}]}<\/script>\n<!-- \/ Yoast SEO plugin. -->","yoast_head_json":{"title":"Barre \u00e0 12Bornes unipolaires 25mm\u00b2 - Master","robots":{"index":"index","follow":"follow","max-snippet":"max-snippet:-1","max-image-preview":"max-image-preview:large","max-video-preview":"max-video-preview:-1"},"canonical":"https:\/\/www.master.it\/fr\/prodotto\/tbs-25mm2-fr\/","og_locale":"fr_FR","og_type":"article","og_title":"Barre \u00e0 12Bornes unipolaires 25mm\u00b2 - Master","og_description":"Barrette de bornes \u00e0 vis s\u00e9cable 12 p\u00f4les en polypropyl\u00e8ne (type mammut), section de c\u00e2ble 25 mm\u00b2, contacts en laiton, vis en acier. Tension nominale 380 V, temp\u00e9rature d\u2019utilisation \u221230 \u00b0C \u00e0 90 \u00b0C. Couleur blanche.","og_url":"https:\/\/www.master.it\/fr\/prodotto\/tbs-25mm2-fr\/","og_site_name":"Master","article_modified_time":"2026-03-12T23:12:58+00:00","og_image":[{"width":552,"height":85,"url":"https:\/\/www.master.it\/wp-content\/uploads\/2022\/04\/Logo_master.png","type":"image\/png"}],"twitter_card":"summary_large_image","schema":{"@context":"https:\/\/schema.org","@graph":[{"@type":"WebPage","@id":"https:\/\/www.master.it\/fr\/prodotto\/tbs-25mm2-fr\/","url":"https:\/\/www.master.it\/fr\/prodotto\/tbs-25mm2-fr\/","name":"Barre \u00e0 12Bornes unipolaires 25mm\u00b2 - Master","isPartOf":{"@id":"https:\/\/www.master.it\/fr\/#website"},"datePublished":"2026-03-06T23:10:31+00:00","dateModified":"2026-03-12T23:12:58+00:00","breadcrumb":{"@id":"https:\/\/www.master.it\/fr\/prodotto\/tbs-25mm2-fr\/#breadcrumb"},"inLanguage":"fr-FR","potentialAction":[{"@type":"ReadAction","target":["https:\/\/www.master.it\/fr\/prodotto\/tbs-25mm2-fr\/"]}]},{"@type":"BreadcrumbList","@id":"https:\/\/www.master.it\/fr\/prodotto\/tbs-25mm2-fr\/#breadcrumb","itemListElement":[{"@type":"ListItem","position":1,"name":"Home","item":"https:\/\/www.master.it\/fr\/"},{"@type":"ListItem","position":2,"name":"Shop","item":"https:\/\/www.master.it\/fr\/shop\/"},{"@type":"ListItem","position":3,"name":"Barre \u00e0 12Bornes unipolaires 25mm\u00b2"}]},{"@type":"WebSite","@id":"https:\/\/www.master.it\/fr\/#website","url":"https:\/\/www.master.it\/fr\/","name":"Master","description":"","publisher":{"@id":"https:\/\/www.master.it\/fr\/#organization"},"potentialAction":[{"@type":"SearchAction","target":{"@type":"EntryPoint","urlTemplate":"https:\/\/www.master.it\/fr\/?s={search_term_string}"},"query-input":{"@type":"PropertyValueSpecification","valueRequired":true,"valueName":"search_term_string"}}],"inLanguage":"fr-FR"},{"@type":"Organization","@id":"https:\/\/www.master.it\/fr\/#organization","name":"Master","url":"https:\/\/www.master.it\/fr\/","logo":{"@type":"ImageObject","inLanguage":"fr-FR","@id":"https:\/\/www.master.it\/fr\/#\/schema\/logo\/image\/","url":"https:\/\/www.master.it\/wp-content\/uploads\/2022\/04\/Logo_master.png","contentUrl":"https:\/\/www.master.it\/wp-content\/uploads\/2022\/04\/Logo_master.png","width":552,"height":85,"caption":"Master"},"image":{"@id":"https:\/\/www.master.it\/fr\/#\/schema\/logo\/image\/"}}]}},"jetpack_sharing_enabled":true,"_links":{"self":[{"href":"https:\/\/www.master.it\/fr\/wp-json\/wp\/v2\/product\/142112","targetHints":{"allow":["GET"]}}],"collection":[{"href":"https:\/\/www.master.it\/fr\/wp-json\/wp\/v2\/product"}],"about":[{"href":"https:\/\/www.master.it\/fr\/wp-json\/wp\/v2\/types\/product"}],"wp:attachment":[{"href":"https:\/\/www.master.it\/fr\/wp-json\/wp\/v2\/media?parent=142112"}],"wp:term":[{"taxonomy":"product_brand","embeddable":true,"href":"https:\/\/www.master.it\/fr\/wp-json\/wp\/v2\/product_brand?post=142112"},{"taxonomy":"product_cat","embeddable":true,"href":"https:\/\/www.master.it\/fr\/wp-json\/wp\/v2\/product_cat?post=142112"},{"taxonomy":"product_tag","embeddable":true,"href":"https:\/\/www.master.it\/fr\/wp-json\/wp\/v2\/product_tag?post=142112"}],"curies":[{"name":"wp","href":"https:\/\/api.w.org\/{rel}","templated":true}]}}